{"id":9,"date":"2019-08-05T07:20:33","date_gmt":"2019-08-05T07:20:33","guid":{"rendered":"http:\/\/joogakool.eu\/?page_id=9"},"modified":"2026-04-24T17:22:17","modified_gmt":"2026-04-24T17:22:17","slug":"tutvustus","status":"publish","type":"page","link":"https:\/\/joogakool.eu\/?page_id=9","title":{"rendered":"Meist"},"content":{"rendered":"\n<h3 class=\"wp-block-heading\"><strong>Anne R\u00e4ndva<\/strong><\/h3>\n\n\n\n<figure class=\"wp-block-image size-large\"><img loading=\"lazy\" decoding=\"async\" width=\"1024\" height=\"683\" src=\"https:\/\/joogakool.eu\/wp-content\/uploads\/2026\/04\/chat-gpt-mina-jooga-2-1024x683.png\" alt=\"\" class=\"wp-image-2024\" srcset=\"https:\/\/joogakool.eu\/wp-content\/uploads\/2026\/04\/chat-gpt-mina-jooga-2-1024x683.png 1024w, https:\/\/joogakool.eu\/wp-content\/uploads\/2026\/04\/chat-gpt-mina-jooga-2-300x200.png 300w, https:\/\/joogakool.eu\/wp-content\/uploads\/2026\/04\/chat-gpt-mina-jooga-2-768x512.png 768w, https:\/\/joogakool.eu\/wp-content\/uploads\/2026\/04\/chat-gpt-mina-jooga-2.png 1536w\" sizes=\"auto, (max-width: 767px) 89vw, (max-width: 1000px) 54vw, (max-width: 1071px) 543px, 580px\" \/><\/figure>\n\n\n\n<p>Mina olen Anne R\u00e4ndva \u2013 Joogakool Lakshmi asutaja ja peamine juhendaja. Jooga ja ajurveeda teekonnal olen olnud juba aastaid, \u00f5ppides ja praktiseerides nii Eestis kui ka Indias. Minu jaoks on jooga midagi palju enamat kui f\u00fc\u00fcsiline praktika \u2013 see on eluviis, enesearengu tee ja iidne tarkus, mis aitab leida tasakaalu kehas, meeles ja hinges.<\/p>\n\n\n\n<p>P\u00e4rast keskkooli asusin \u00f5ppima Viljandi Kultuurikooli n\u00e4itejuhtimist ning \u00f5pingute k\u00e4igus suundusin tantsujuhtimise erialale. See aeg pani aluse minu huvile liikumise, v\u00e4ljenduse ja keha sisemise tarkuse vastu \u2013 mis hiljem viis mind joogani.<\/p>\n\n\n\n<p>Minu kutsumus on anda edasi autentset ja traditsioonilist jooga\u00f5petust nii, et iga inimene leiaks sellest oma sisemise toe ja inspiratsiooni. Usun, et jooga peab olema k\u00e4ttesaadav k\u00f5igile \u2013 olenemata vanusest, kehast v\u00f5i varasemast kogemusest.<\/p>\n\n\n\n<hr class=\"wp-block-separator has-alpha-channel-opacity\"\/>\n\n\n\n<p>\u2728 <strong>Jooga ja ajurveedaga seotud haridus ja kogemus<\/strong><br>\u2022 Rahvusvaheliselt sertifitseeritud Hatha jooga \u00f5petaja (RYT 200 ja RYT 300, Yoga Alliance)<br>\u2022 L\u00e4binud joogateraapia kursuse Vedansha Institute of Vedic Science and Alternative Medicine\u2019is<br>\u2022 200-tunnine \u00f5petajakoolitus Shivashakti Traditional Yoga School\u2019is (India) ja 300-tunnine Vedansha Institute\u2019is (India)<br>\u2022 Joogakoolitaja ja -\u00f5petaja alates 2017. aastast \u2013 olen koolitanud \u00fcle 100 Hatha ja Raja jooga \u00f5petaja 200- ja 300-tunniste kursuste kaudu<br>\u2022 Ajurveeda terapeudi v\u00e4lja\u00f5pe ja praktika Viljandis<\/p>\n\n\n\n<hr class=\"wp-block-separator has-alpha-channel-opacity\"\/>\n\n\n\n<p>\u2728 <strong>Rahvusvahelised t\u00e4ienduskoolitused (2019\u20132025)<\/strong><\/p>\n\n\n\n<p><strong>2019<\/strong><br>\u2022 <em>Taoistlik jooga: sissejuhatus k\u00f5ikidele tasemetele<\/em> \u2013 Aquarius Academy<\/p>\n\n\n\n<p><strong>2020<\/strong><br>\u2022 <em>The Fundamentals of Yogic Nutrition Science &amp; Creating Yogic Diets<\/em> \u2013 Akash Sehrawat, Fabulousbody Founder<br>\u2022 <em>S\u00fcnnieelne jooga<\/em> \u2013 Christelle Donaghy<br>\u2022 <em>Meditation Techniques to Reduce Stress, Kick Bad Habits and Improve Health<\/em> \u2013 Laura Watson, Yoga Teacher<\/p>\n\n\n\n<p><strong>2021<\/strong><br>\u2022 <em>Pranayama Teacher Training (Hingamisharjutuste \u00f5petajakoolitus)<\/em> \u2013 Bodsphere<br>\u2022 <em>Jooga Nidra Teacher Training<\/em> \u2013 Bodsphere<br>\u2022 <em>Yin jooga t\u0161akrate tasakaalustamiseks ja tervendamiseks<\/em> \u2013 Aprille Walker<br>\u2022 <em>Yoga Alliance Continuing Education Approved Course: Meditation<\/em> \u2013 Jessica Fleming<\/p>\n\n\n\n<p><strong>2022<\/strong><br>\u2022 <em>Professionaalne h\u00fcpnoteraapia diplomikursus depressiooni korral<\/em> \u2013 Karen E. Wells<br>\u2022 <em>Accredited Diploma Course: In-Depth &amp; Practical Skills in Hypnotherapy<\/em> \u2013 Karen E. Wells<\/p>\n\n\n\n<p><strong>2023<\/strong><br>\u2022 <em>Postnatal Yoga Classes: A Step-by-Step Approach to Teaching the Basics of Postnatal Yoga with Baby<\/em><br>\u2022 <em>Attain Calmness and Experience Mindfulness with Guided Practices<\/em> \u2013 Swami Vidyadhishananda Giri, Himalayan Meditation Adept<br>\u2022 <em>Learn the Art of Meditation and Mastery of the Mind<\/em> \u2013 Micha\u00ebl Bijker, Life Awareness Project<br>\u2022 <em>Deepen the Connection to Your Womb, Soul and Emotional Self<\/em> \u2013 Melissa Habibi, Soul Healer &amp; Spiritual Purpose Coach<br>\u2022 <em>Accredited Course: Let Go &amp; Heal the Energy of Past Lives with Past Life Regression<\/em> \u2013 Karen E. Wells<\/p>\n\n\n\n<p><strong>2024<\/strong><br>\u2022 <em>Certified Yoga Nidra Facilitator \u2013 Structure, Pacing, Cueing, Aftercare with Trauma-Aware Tools<\/em> \u2013 Devatma Saraswati<br>\u2022 <em>Change Your Habits, Change Your Life! 7-Day Mind and Body Training Program<\/em> \u2013 Micha\u00ebl Bijker, Life Awareness Project<br>\u2022 <em>Fully Accredited Diploma Course: Powerful Tools to Let Go of Karma Using Past Life Regression<\/em> \u2013 Karen E. Wells<\/p>\n\n\n\n<p><strong>2025<\/strong><br>\u2022 <em>Quantum Regression Hypnosis: Step-by-Step Guide to Hypnotise for Healing &amp; Success<\/em> \u2013 Adrian Nelson<br>\u2022 <em>Easy &amp; Effective Techniques to Assist Clients During the Grief Process with Hypnosis<\/em> \u2013 Karen E. Wells<br>\u2022 <em>Uncover Your Divine Gifts and Mission as a Lightworker<\/em> \u2013 Trishna S., Spiritual Instructor<br>\u2022 <em>Ericksonian Hypnotherapy Certification<\/em> \u2013 Dan Jones, Autistic Hypnotherapy &amp; Psychotherapy Instructor<\/p>\n\n\n\n<hr class=\"wp-block-separator has-alpha-channel-opacity\"\/>\n\n\n\n<p>\u2728 <strong>Minu t\u00f6\u00f6 ja kutsumus<\/strong><br>Korraldan jooga\u00f5petajate kursuseid (Hatha jooga, Raja jooga, Swara jooga, rasedate jooga, meditatsioon, jooga nidra jt) ning viin l\u00e4bi joogalaagreid ja retriite Eestis ja v\u00e4lismaal. Jagan ajurveeda teadmisi ja tervist toetavaid praktikaid ning toetan inimesi joogateraapia kaudu keha ja meele tasakaalustamisel.<\/p>\n\n\n\n<p>Jooga\u00f5petajana pean oluliseks, et praktika ei oleks vaid treening, vaid s\u00fcgavam eneseavastamise ja tervenemise tee. Minu soov on luua ruum, kus iga\u00fcks saab kogeda jooga tervendavat ja inspireerivat m\u00f5ju \u2013 l\u00e4bi hingamise, liikumise, vaikuse ja teadliku kohalolu.<\/p>\n\n\n\n<figure class=\"wp-block-image size-full\"><img loading=\"lazy\" decoding=\"async\" width=\"253\" height=\"253\" src=\"https:\/\/joogakool.eu\/wp-content\/uploads\/2025\/10\/download.jpg\" alt=\"\" class=\"wp-image-1186\" srcset=\"https:\/\/joogakool.eu\/wp-content\/uploads\/2025\/10\/download.jpg 253w, https:\/\/joogakool.eu\/wp-content\/uploads\/2025\/10\/download-150x150.jpg 150w, https:\/\/joogakool.eu\/wp-content\/uploads\/2025\/10\/download-100x100.jpg 100w\" sizes=\"auto, (max-width: 253px) 100vw, 253px\" \/><\/figure>\n\n\n\n<h3 class=\"wp-block-heading\">Kennet J\u00e4dal<\/h3>\n\n\n\n<p>Kursuste kaasjuhendaja ja joogakooli \u00f5petaja <strong>Kennet J\u00e4dal<\/strong> on l\u00f5petanud Joogakool Lakshmis 200H ja ka 300H Jooga \u00d5petajate Kursuse ja on registreeritud Yoga Alliance\u00b4is jooga \u00f5petajana ( <strong>RYT 500, YASEP<\/strong>). Kennet on tuntud oma p\u00f5hjalikkuses ja suurep\u00e4rastes teadmistes ja praktiseerib traditsioonilisi joogapraktikaid igap\u00e4evaselt oma elus.<\/p>\n\n\n\n<figure class=\"wp-block-image size-medium is-resized\"><img loading=\"lazy\" decoding=\"async\" width=\"300\" height=\"200\" src=\"https:\/\/joogakool.eu\/wp-content\/uploads\/2022\/11\/KENNET-300x200.jpg\" alt=\"\" class=\"wp-image-980\" style=\"width:329px;height:auto\" srcset=\"https:\/\/joogakool.eu\/wp-content\/uploads\/2022\/11\/KENNET-300x200.jpg 300w, https:\/\/joogakool.eu\/wp-content\/uploads\/2022\/11\/KENNET.jpg 730w\" sizes=\"auto, (max-width: 300px) 100vw, 300px\" \/><\/figure>\n\n\n\n<p><\/p>\n\n\n\n<p>Joogakool Lakshmi on Tervisel\u00e4te O\u00dc \u00f5ppeasutus, mis teeb koost\u00f6\u00f6d Gayatri O\u00dc-ga.<\/p>\n\n\n\n<div class=\"wp-block-buttons is-layout-flex wp-block-buttons-is-layout-flex\">\n<div class=\"wp-block-button is-style-fill\"><a class=\"wp-block-button__link has-very-light-gray-to-cyan-bluish-gray-gradient-background has-background wp-element-button\" href=\"https:\/\/joogakool.eu\/?page_id=1985\" style=\"border-top-left-radius:47px;border-top-right-radius:47px;border-bottom-left-radius:47px;border-bottom-right-radius:47px\">Kontakt<\/a><\/div>\n<\/div>\n\n\n\n<figure class=\"wp-block-embed is-type-video is-provider-youtube wp-block-embed-youtube wp-embed-aspect-9-16 wp-has-aspect-ratio\"><div class=\"wp-block-embed__wrapper\">\n<iframe loading=\"lazy\" title=\"Jooga, see on tee iseenda juurde\" width=\"443\" height=\"788\" src=\"https:\/\/www.youtube.com\/embed\/12Iaby2qyk4?feature=oembed\" frameborder=\"0\" allow=\"accelerometer; autoplay; clipboard-write; encrypted-media; gyroscope; picture-in-picture; web-share\" referrerpolicy=\"strict-origin-when-cross-origin\" allowfullscreen><\/iframe>\n<\/div><\/figure>\n\n\n\n<p><\/p>\n","protected":false},"excerpt":{"rendered":"<p>Anne R\u00e4ndva Mina olen Anne R\u00e4ndva \u2013 Joogakool Lakshmi asutaja ja peamine juhendaja. Jooga ja ajurveeda teekonnal olen olnud juba aastaid, \u00f5ppides ja praktiseerides nii Eestis kui ka Indias. Minu &hellip; <\/p>\n<p class=\"link-more\"><a href=\"https:\/\/joogakool.eu\/?page_id=9\" class=\"more-link\">Continue reading<span class=\"screen-reader-text\"> &#8220;Meist&#8221;<\/span><\/a><\/p>\n","protected":false},"author":1,"featured_media":141,"parent":1393,"menu_order":0,"comment_status":"closed","ping_status":"closed","template":"","meta":{"footnotes":""},"class_list":["post-9","page","type-page","status-publish","has-post-thumbnail","hentry"],"_links":{"self":[{"href":"https:\/\/joogakool.eu\/index.php?rest_route=\/wp\/v2\/pages\/9","targetHints":{"allow":["GET"]}}],"collection":[{"href":"https:\/\/joogakool.eu\/index.php?rest_route=\/wp\/v2\/pages"}],"about":[{"href":"https:\/\/joogakool.eu\/index.php?rest_route=\/wp\/v2\/types\/page"}],"author":[{"embeddable":true,"href":"https:\/\/joogakool.eu\/index.php?rest_route=\/wp\/v2\/users\/1"}],"replies":[{"embeddable":true,"href":"https:\/\/joogakool.eu\/index.php?rest_route=%2Fwp%2Fv2%2Fcomments&post=9"}],"version-history":[{"count":5,"href":"https:\/\/joogakool.eu\/index.php?rest_route=\/wp\/v2\/pages\/9\/revisions"}],"predecessor-version":[{"id":2034,"href":"https:\/\/joogakool.eu\/index.php?rest_route=\/wp\/v2\/pages\/9\/revisions\/2034"}],"up":[{"embeddable":true,"href":"https:\/\/joogakool.eu\/index.php?rest_route=\/wp\/v2\/pages\/1393"}],"wp:featuredmedia":[{"embeddable":true,"href":"https:\/\/joogakool.eu\/index.php?rest_route=\/wp\/v2\/media\/141"}],"wp:attachment":[{"href":"https:\/\/joogakool.eu\/index.php?rest_route=%2Fwp%2Fv2%2Fmedia&parent=9"}],"curies":[{"name":"wp","href":"https:\/\/api.w.org\/{rel}","templated":true}]}}