{"id":8,"date":"2019-08-05T07:20:33","date_gmt":"2019-08-05T07:20:33","guid":{"rendered":"http:\/\/joogakool.eu\/?page_id=8"},"modified":"2026-03-13T15:09:06","modified_gmt":"2026-03-13T15:09:06","slug":"esileht","status":"publish","type":"page","link":"https:\/\/joogakool.eu\/","title":{"rendered":"Esileht"},"content":{"rendered":"\n<p><strong>Tere tulemast Joogakooli Lakshmi kodulehele!<\/strong><\/p>\n\n\n\n<figure class=\"wp-block-image size-large\"><img loading=\"lazy\" decoding=\"async\" width=\"1024\" height=\"682\" src=\"http:\/\/joogakool.eu\/wp-content\/uploads\/2025\/10\/MG_1950-1024x682.jpg\" alt=\"\" class=\"wp-image-1207\" srcset=\"https:\/\/joogakool.eu\/wp-content\/uploads\/2025\/10\/MG_1950-1024x682.jpg 1024w, https:\/\/joogakool.eu\/wp-content\/uploads\/2025\/10\/MG_1950-300x200.jpg 300w, https:\/\/joogakool.eu\/wp-content\/uploads\/2025\/10\/MG_1950-768x512.jpg 768w, https:\/\/joogakool.eu\/wp-content\/uploads\/2025\/10\/MG_1950-1536x1024.jpg 1536w, https:\/\/joogakool.eu\/wp-content\/uploads\/2025\/10\/MG_1950-2048x1365.jpg 2048w\" sizes=\"auto, (max-width: 767px) 89vw, (max-width: 1000px) 54vw, (max-width: 1071px) 543px, 580px\" \/><\/figure>\n\n\n\n<p>Joogakool <strong>Lakshmi<\/strong> asub Viljandis ning on alates 2017. aastast p\u00fchendunud <strong>autentse ja traditsioonilise jooga\u00f5petuse<\/strong> edasiandmisele Eestis. Meie eesm\u00e4rk on tuua joogapraktika s\u00fcgavus ja tarkus k\u00f5igi huvilisteni, pakkudes mitmek\u00fclgseid v\u00f5imalusi nii algajatele kui ka kogenud joogidele.<\/p>\n\n\n\n<p>Pakume j\u00e4rgmisi v\u00f5imalusi:<\/p>\n\n\n\n<ul class=\"wp-block-list\">\n<li><strong>Jooga\u00f5petaja kursused<\/strong> Eestis ja ka veebi teel \u2013 rahvusvaheliste standardite j\u00e4rgi \u00fcles ehitatud p\u00f5hjalikud programmid.<\/li>\n\n\n\n<li><strong>Joogalaagrid ja retriidid<\/strong> Eestis ja v\u00e4lismaal \u2013 v\u00f5imalus s\u00fcveneda praktikasse ja kogeda joogalikku elustiili.<\/li>\n\n\n\n<li><strong>Joogatunnid ja joogakoolitused<\/strong> Viljandis ning mujal \u2013 igale tasemele ja vanusele. V\u00f5imalik osaleda ka online. <\/li>\n\n\n\n<li><strong>Meditatsiooni- ja joogateraapia kursused <\/strong><\/li>\n<\/ul>\n\n\n\n<p>Joogakooli Lakshmi asutaja ja juhendaja on <strong>Anne R\u00e4ndva<\/strong> \u2013 sertifitseeritud ja tunnustatud jooga\u00f5petaja . Tema missioon on jagada traditsioonilist joogat, mis \u00fchendab keha, meele ja hinge.<\/p>\n\n\n\n<p>\ud83c\udf38 <strong>Meiega liitudes saad:<\/strong><\/p>\n\n\n\n<ul class=\"wp-block-list\">\n<li>Autentse ja s\u00fcgava joogakogemuse.<\/li>\n\n\n\n<li>Professionaalse ja hooliva juhendamise.<\/li>\n\n\n\n<li>Inspireeriva kogukonna, kus kasvada ja areneda.<\/li>\n<\/ul>\n\n\n\n<p>\ud83d\udccc <strong>Asume Viljandis, kuid meie koolitused ja kursused toimuvad \u00fcle kogu Eesti.<\/strong><\/p>\n\n\n\n<p>\ud83d\udc49 J\u00e4lgi meid ka Facebookis: <strong>Joogakool Lakshmi<\/strong><br>\ud83d\udc49 EHIS T\u00e4iskasvanuhariduse majandustegevusteade: <strong>207217<\/strong><\/p>\n\n\n\n<div class=\"wp-block-buttons is-layout-flex wp-block-buttons-is-layout-flex\"><\/div>\n\n\n\n<p><\/p>\n","protected":false},"excerpt":{"rendered":"<p>Tere tulemast Joogakooli Lakshmi kodulehele! Joogakool Lakshmi asub Viljandis ning on alates 2017. aastast p\u00fchendunud autentse ja traditsioonilise jooga\u00f5petuse edasiandmisele Eestis. Meie eesm\u00e4rk on tuua joogapraktika s\u00fcgavus ja tarkus k\u00f5igi &hellip; <\/p>\n<p class=\"link-more\"><a href=\"https:\/\/joogakool.eu\/\" class=\"more-link\">Continue reading<span class=\"screen-reader-text\"> &#8220;Esileht&#8221;<\/span><\/a><\/p>\n","protected":false},"author":1,"featured_media":1515,"parent":0,"menu_order":0,"comment_status":"closed","ping_status":"closed","template":"","meta":{"footnotes":""},"class_list":["post-8","page","type-page","status-publish","has-post-thumbnail","hentry"],"_links":{"self":[{"href":"https:\/\/joogakool.eu\/index.php?rest_route=\/wp\/v2\/pages\/8","targetHints":{"allow":["GET"]}}],"collection":[{"href":"https:\/\/joogakool.eu\/index.php?rest_route=\/wp\/v2\/pages"}],"about":[{"href":"https:\/\/joogakool.eu\/index.php?rest_route=\/wp\/v2\/types\/page"}],"author":[{"embeddable":true,"href":"https:\/\/joogakool.eu\/index.php?rest_route=\/wp\/v2\/users\/1"}],"replies":[{"embeddable":true,"href":"https:\/\/joogakool.eu\/index.php?rest_route=%2Fwp%2Fv2%2Fcomments&post=8"}],"version-history":[{"count":5,"href":"https:\/\/joogakool.eu\/index.php?rest_route=\/wp\/v2\/pages\/8\/revisions"}],"predecessor-version":[{"id":2036,"href":"https:\/\/joogakool.eu\/index.php?rest_route=\/wp\/v2\/pages\/8\/revisions\/2036"}],"wp:featuredmedia":[{"embeddable":true,"href":"https:\/\/joogakool.eu\/index.php?rest_route=\/wp\/v2\/media\/1515"}],"wp:attachment":[{"href":"https:\/\/joogakool.eu\/index.php?rest_route=%2Fwp%2Fv2%2Fmedia&parent=8"}],"curies":[{"name":"wp","href":"https:\/\/api.w.org\/{rel}","templated":true}]}}