{"id":255,"date":"2019-08-15T11:12:32","date_gmt":"2019-08-15T11:12:32","guid":{"rendered":"http:\/\/joogakool.eu\/?page_id=255"},"modified":"2025-10-28T12:30:22","modified_gmt":"2025-10-28T12:30:22","slug":"moodunud-kursused","status":"publish","type":"page","link":"https:\/\/joogakool.eu\/?page_id=255","title":{"rendered":"M\u00f6\u00f6dunud kursused"},"content":{"rendered":"\n<p class=\"has-medium-font-size\"><strong>Hatha jooga \u00f5petaja 200 tundi intensiivkursus VI lend.<\/strong><\/p>\n\n\n\n<p>07.08.2020 l\u00f5petas Joogakool Lakshmi VI lend <br>\nv\u00e4ga teadlikke noori traditsioonilise hatha jooga \u00f5petajaid.<br>\nYoga Alliance`i sertifikaadi v\u00e4\u00e4riliseks tunnistati:<br>\nAlina Tubli<br>\nMariliis Alasi<br>\nKirke Pilliroog<br>\nLoreta Sindi<br>\nEike Langerbaur<br>\nAija Klinduhhova<br>\nJoonas M\u00e4nnik<br>\nKennet J\u00e4dal.<br>\n\u00d5nnitleme ja soovime j\u00e4tkuvat ning sujuvat teekonda joogas! <br>\nNamaste!<\/p>\n\n\n\n<figure class=\"wp-block-image\"><img loading=\"lazy\" decoding=\"async\" width=\"960\" height=\"720\" src=\"https:\/\/joogakool.eu\/wp-content\/uploads\/2020\/08\/VI-lend.png\" alt=\"\" class=\"wp-image-593\" srcset=\"https:\/\/joogakool.eu\/wp-content\/uploads\/2020\/08\/VI-lend.png 960w, https:\/\/joogakool.eu\/wp-content\/uploads\/2020\/08\/VI-lend-300x225.png 300w, https:\/\/joogakool.eu\/wp-content\/uploads\/2020\/08\/VI-lend-768x576.png 768w\" sizes=\"auto, (max-width: 767px) 89vw, (max-width: 1000px) 54vw, (max-width: 1071px) 543px, 580px\" \/><\/figure>\n\n\n\n<h2 class=\"wp-block-heading\"><strong>Jooga\u00f5petaja T\u00e4iendkursus <\/strong><\/h2>\n\n\n\n<p>Kursuse sisu :<br>Joogamassaazh, paarisjooga<br>Ajurveeda <br>Swara jooga<br>Jooga tants <\/p>\n\n\n\n<p>14.september<br>23.november<br>4.jaanuar<br>7.m\u00e4rts<br>11.aprill<br>16.mai<\/p>\n\n\n\n<p>Kursuse edukalt l\u00f5petanud omandavad Joogakool Lakshmi tunnistuse.<br>Kursuse tasu 490\u20ac<br>Varase registreerija osalustasu 420 \u20ac. Varase registreerija soodushinna saad, kui registreerid end kursusele enne 30.07.2019.<br>Kohtade arv on piiratud. <br>Kokkuleppel on v\u00f5imalik ka tasuda kursuse eest osamaksetena.<\/p>\n\n\n\n<p> Viljandi Joogakool Lakshmi asutaja ja \u00f5petaja Anne R\u00e4ndva on s\u00fcvenenult \u00f5ppinud ajurveedat ja joogat juba palju aastaid. Oma kodulinnas t\u00f6\u00f6tab Anne R\u00e4ndva nii ajurveeda terapeudina kui ka jooga\u00f5petajana ning omab rahvusvaheliselt tunnustatud sertifikaate hatha jooga \u00f5petajana. Ajurveedat ja joogat on Anne R\u00e4ndva k\u00e4inud \u00f5ppimas mitmel korral intensiivkursusel Indias ( 200 h TTC Shivashakti Traditional Yoga School ja 300 h TTC Vedansha Institute of Vedic Science and Alternative Medicine) ja l\u00e4binud ka joogateraapia kursuse ( Vedansha Institute of Vedic Science and Alternative Medicine). Anne R\u00e4ndva k\u00e4ib end pidevalt t\u00e4iendamas ning on \u00f5ppinud  ashtanga jooga meistrikursusel.<br>Anne R\u00e4ndva on registreeritud Yoga Alliance`i \u00f5petaja ja tunnustatud t\u00e4iend\u00f5ppe pakkuja (E-RYT\u00ae 200, RYT\u00ae 500, YACEP ).<\/p>\n\n\n\n<p>Et kinnitada enda osalemissoov, palume saata avaldus meiliaadressile<br>terviselate@gmail.com .<br>Samal aadressil ja mobiilinumbril 56973764 vastame ka k\u00f5ikidele tekkinud k\u00fcsimustele.<br>Namaste!<\/p>\n\n\n\n<p>Viljandi Joogakool Lakshmi. Yoga Alliance.<br>Anne R\u00e4ndva<br><\/p>\n\n\n\n<figure class=\"wp-block-image\"><img loading=\"lazy\" decoding=\"async\" width=\"735\" height=\"960\" src=\"https:\/\/joogakool.eu\/wp-content\/uploads\/2019\/08\/kaiega.jpg\" alt=\"\" class=\"wp-image-270\" srcset=\"https:\/\/joogakool.eu\/wp-content\/uploads\/2019\/08\/kaiega.jpg 735w, https:\/\/joogakool.eu\/wp-content\/uploads\/2019\/08\/kaiega-230x300.jpg 230w\" sizes=\"auto, (max-width: 735px) 100vw, 735px\" \/><\/figure>\n\n\n<p><!--EndFragment--><\/p>\n\n\n<p>Joogakool Lakshmi pakub igap\u00e4evaste joogatundide k\u00f5rval ka Traditsioonilise Hatha Jooga \u00d5petaja 200 tunniseid kursuseid. <\/p>\n\n\n\n<p>Oleme r\u00f5\u00f5msad, et meie kool on tunnustatud ka rahvusvahelise jooga\u00fchingu Yoga Alliance\u00b4i poolt ning edukalt kursuse l\u00f5petanutel on v\u00f5imalik saada Yoga Alliance`i sertifikaat ning j\u00e4tkata t\u00f6\u00f6d v\u00f5i \u00f5pinguid erinevates paikades kogu maailmas. <\/p>\n\n\n\n<figure class=\"wp-block-image\"><img loading=\"lazy\" decoding=\"async\" width=\"1024\" height=\"852\" src=\"http:\/\/joogakool.eu\/wp-content\/uploads\/2019\/08\/Lend1-1024x852.jpg\" alt=\"Joogakool Lakshmi 1. lend\" class=\"wp-image-190\" srcset=\"https:\/\/joogakool.eu\/wp-content\/uploads\/2019\/08\/Lend1-1024x852.jpg 1024w, https:\/\/joogakool.eu\/wp-content\/uploads\/2019\/08\/Lend1-300x250.jpg 300w, https:\/\/joogakool.eu\/wp-content\/uploads\/2019\/08\/Lend1-768x639.jpg 768w\" sizes=\"auto, (max-width: 767px) 89vw, (max-width: 1000px) 54vw, (max-width: 1071px) 543px, 580px\" \/><figcaption>Joogakool Lakshmi 1. lend<\/figcaption><\/figure>\n\n\n\n<figure class=\"wp-block-image\"><img loading=\"lazy\" decoding=\"async\" width=\"1024\" height=\"816\" src=\"http:\/\/joogakool.eu\/wp-content\/uploads\/2019\/08\/Intensiivkursus-1024x816.jpg\" alt=\"Joogakool Lakshmi 2 lend\" class=\"wp-image-193\" srcset=\"https:\/\/joogakool.eu\/wp-content\/uploads\/2019\/08\/Intensiivkursus-1024x816.jpg 1024w, https:\/\/joogakool.eu\/wp-content\/uploads\/2019\/08\/Intensiivkursus-300x239.jpg 300w, https:\/\/joogakool.eu\/wp-content\/uploads\/2019\/08\/Intensiivkursus-768x612.jpg 768w\" sizes=\"auto, (max-width: 767px) 89vw, (max-width: 1000px) 54vw, (max-width: 1071px) 543px, 580px\" \/><figcaption>Joogakool Lakshmi 2. Lend<\/figcaption><\/figure>\n\n\n\n<figure class=\"wp-block-image\"><img loading=\"lazy\" decoding=\"async\" width=\"768\" height=\"1024\" src=\"https:\/\/joogakool.eu\/wp-content\/uploads\/2020\/03\/k6-768x1024.jpg\" alt=\"\" class=\"wp-image-523\" srcset=\"https:\/\/joogakool.eu\/wp-content\/uploads\/2020\/03\/k6-768x1024.jpg 768w, https:\/\/joogakool.eu\/wp-content\/uploads\/2020\/03\/k6-225x300.jpg 225w, https:\/\/joogakool.eu\/wp-content\/uploads\/2020\/03\/k6.jpg 1536w\" sizes=\"auto, (max-width: 767px) 89vw, (max-width: 1000px) 54vw, (max-width: 1071px) 543px, 580px\" \/><figcaption>Joogakool Lakshmi III lend <\/figcaption><\/figure>\n","protected":false},"excerpt":{"rendered":"<p>Hatha jooga \u00f5petaja 200 tundi intensiivkursus VI lend. 07.08.2020 l\u00f5petas Joogakool Lakshmi VI lend v\u00e4ga teadlikke noori traditsioonilise hatha jooga \u00f5petajaid. Yoga Alliance`i sertifikaadi v\u00e4\u00e4riliseks tunnistati: Alina Tubli Mariliis Alasi &hellip; <\/p>\n<p class=\"link-more\"><a href=\"https:\/\/joogakool.eu\/?page_id=255\" class=\"more-link\">Continue reading<span class=\"screen-reader-text\"> &#8220;M\u00f6\u00f6dunud kursused&#8221;<\/span><\/a><\/p>\n","protected":false},"author":1,"featured_media":0,"parent":689,"menu_order":5,"comment_status":"closed","ping_status":"closed","template":"","meta":{"footnotes":""},"class_list":["post-255","page","type-page","status-publish","hentry"],"_links":{"self":[{"href":"https:\/\/joogakool.eu\/index.php?rest_route=\/wp\/v2\/pages\/255","targetHints":{"allow":["GET"]}}],"collection":[{"href":"https:\/\/joogakool.eu\/index.php?rest_route=\/wp\/v2\/pages"}],"about":[{"href":"https:\/\/joogakool.eu\/index.php?rest_route=\/wp\/v2\/types\/page"}],"author":[{"embeddable":true,"href":"https:\/\/joogakool.eu\/index.php?rest_route=\/wp\/v2\/users\/1"}],"replies":[{"embeddable":true,"href":"https:\/\/joogakool.eu\/index.php?rest_route=%2Fwp%2Fv2%2Fcomments&post=255"}],"version-history":[{"count":5,"href":"https:\/\/joogakool.eu\/index.php?rest_route=\/wp\/v2\/pages\/255\/revisions"}],"predecessor-version":[{"id":594,"href":"https:\/\/joogakool.eu\/index.php?rest_route=\/wp\/v2\/pages\/255\/revisions\/594"}],"up":[{"embeddable":true,"href":"https:\/\/joogakool.eu\/index.php?rest_route=\/wp\/v2\/pages\/689"}],"wp:attachment":[{"href":"https:\/\/joogakool.eu\/index.php?rest_route=%2Fwp%2Fv2%2Fmedia&parent=255"}],"curies":[{"name":"wp","href":"https:\/\/api.w.org\/{rel}","templated":true}]}}