{"id":2044,"date":"2026-05-12T13:15:16","date_gmt":"2026-05-12T13:15:16","guid":{"rendered":"https:\/\/joogakool.eu\/?page_id=2044"},"modified":"2026-05-12T13:18:14","modified_gmt":"2026-05-12T13:18:14","slug":"toimunud-joogalaagrid-ja-valjasoidud","status":"publish","type":"page","link":"https:\/\/joogakool.eu\/?page_id=2044","title":{"rendered":"Toimunud joogalaagrid ja v\u00e4ljas\u00f5idud"},"content":{"rendered":"\n<figure class=\"wp-block-image size-full\"><img loading=\"lazy\" decoding=\"async\" width=\"750\" height=\"563\" src=\"http:\/\/joogakool.eu\/wp-content\/uploads\/2020\/03\/joogalaager5.jpg\" alt=\"\" class=\"wp-image-514\" srcset=\"https:\/\/joogakool.eu\/wp-content\/uploads\/2020\/03\/joogalaager5.jpg 750w, https:\/\/joogakool.eu\/wp-content\/uploads\/2020\/03\/joogalaager5-300x225.jpg 300w\" sizes=\"auto, (max-width: 706px) 89vw, (max-width: 767px) 82vw, 740px\" \/><\/figure>\n\n\n\n<p>Joogakool Lakshmi on aastate jooksul korraldanud mitmeid inspireerivaid joogalaagreid, retriite ja v\u00e4ljas\u00f5ite nii Eestis kui ka v\u00e4lismaal. Meie eesm\u00e4rk on luua ruum, kus inimene saab eemalduda igap\u00e4eva kiirusest, tulla tagasi iseenda juurde ning kogeda s\u00fcgavamat kohalolu, rahu ja \u00fchendust.<\/p>\n\n\n\n<p>Retriidid ja v\u00e4ljas\u00f5idud on viinud osalejad looduse keskele, mere \u00e4\u00e4rde, spaadesse, m\u00f5isatesse ning erilistesse paikadesse, mis toetavad sisemist tasakaalu ja taastumist. Oleme \u00fchendanud jooga, meditatsiooni, hingamispraktikad, jooga nidra, teadveloleku, vaikusehetked ja \u00fchised vestlused terviklikuks kogemuseks.<\/p>\n\n\n\n<p>Toimunud on:<br>\u2022 n\u00e4dalavahetuse joogalaagrid Eestis<br>\u2022 looduses toimuvad joogap\u00e4evad ja matkad<br>\u2022 meditatsiooni- ja teadveloleku retriidid<br>\u2022 v\u00e4ljas\u00f5idud saartele ja erilistesse looduspaikadesse<br>\u2022 s\u00fcvitsi minevad kursused ja praktikap\u00e4evad<br>\u2022 rahvusvahelised jooga- ja enesearengu reisid<\/p>\n\n\n\n<p>Iga retriit on oman\u00e4oline ning loodud s\u00fcdamega. Meie jaoks ei t\u00e4henda joogalaager ainult praktikat matil, vaid v\u00f5imalust aeglustuda, kuulata iseennast, kogeda p\u00e4ris kohalolu ning jagada seda teekonda toetavas ja inspireerivas keskkonnas.<\/p>\n\n\n\n<p>Joogakool Lakshmi retriidid \u00fchendavad:<br>\u2022 professionaalse juhendamise<br>\u2022 turvalise ja sooja atmosf\u00e4\u00e4ri<br>\u2022 s\u00fcgava sisemise t\u00f6\u00f6<br>\u2022 kvaliteetse ja hoolikalt loodud programmi<br>\u2022 esteetilise ning rahustava keskkonna<br>\u2022 kogukonnatunde ja p\u00e4ris inimliku \u00fchenduse<\/p>\n\n\n\n<p>T\u00e4name k\u00f5iki osalejaid, kes on olnud osa meie senistest retriitidest ja v\u00e4ljas\u00f5itudest. Iga kohtumine loob uusi m\u00e4lestusi, taipamisi ja inspiratsiooni.<\/p>\n\n\n\n<p>Ootame Sind meie j\u00e4rgmistele \u00fchistele r\u00e4nnakutele.<\/p>\n\n\n\n<figure class=\"wp-block-image size-full\"><img loading=\"lazy\" decoding=\"async\" width=\"960\" height=\"540\" src=\"http:\/\/joogakool.eu\/wp-content\/uploads\/2020\/03\/joogalaager3.jpg\" alt=\"\" class=\"wp-image-512\" srcset=\"https:\/\/joogakool.eu\/wp-content\/uploads\/2020\/03\/joogalaager3.jpg 960w, https:\/\/joogakool.eu\/wp-content\/uploads\/2020\/03\/joogalaager3-300x169.jpg 300w, https:\/\/joogakool.eu\/wp-content\/uploads\/2020\/03\/joogalaager3-768x432.jpg 768w\" sizes=\"auto, (max-width: 767px) 89vw, (max-width: 1000px) 54vw, (max-width: 1071px) 543px, 580px\" \/><\/figure>\n","protected":false},"excerpt":{"rendered":"<p>Joogakool Lakshmi on aastate jooksul korraldanud mitmeid inspireerivaid joogalaagreid, retriite ja v\u00e4ljas\u00f5ite nii Eestis kui ka v\u00e4lismaal. Meie eesm\u00e4rk on luua ruum, kus inimene saab eemalduda igap\u00e4eva kiirusest, tulla tagasi &hellip; <\/p>\n<p class=\"link-more\"><a href=\"https:\/\/joogakool.eu\/?page_id=2044\" class=\"more-link\">Continue reading<span class=\"screen-reader-text\"> &#8220;Toimunud joogalaagrid ja v\u00e4ljas\u00f5idud&#8221;<\/span><\/a><\/p>\n","protected":false},"author":1,"featured_media":0,"parent":0,"menu_order":0,"comment_status":"closed","ping_status":"closed","template":"","meta":{"footnotes":""},"class_list":["post-2044","page","type-page","status-publish","hentry"],"_links":{"self":[{"href":"https:\/\/joogakool.eu\/index.php?rest_route=\/wp\/v2\/pages\/2044","targetHints":{"allow":["GET"]}}],"collection":[{"href":"https:\/\/joogakool.eu\/index.php?rest_route=\/wp\/v2\/pages"}],"about":[{"href":"https:\/\/joogakool.eu\/index.php?rest_route=\/wp\/v2\/types\/page"}],"author":[{"embeddable":true,"href":"https:\/\/joogakool.eu\/index.php?rest_route=\/wp\/v2\/users\/1"}],"replies":[{"embeddable":true,"href":"https:\/\/joogakool.eu\/index.php?rest_route=%2Fwp%2Fv2%2Fcomments&post=2044"}],"version-history":[{"count":4,"href":"https:\/\/joogakool.eu\/index.php?rest_route=\/wp\/v2\/pages\/2044\/revisions"}],"predecessor-version":[{"id":2051,"href":"https:\/\/joogakool.eu\/index.php?rest_route=\/wp\/v2\/pages\/2044\/revisions\/2051"}],"wp:attachment":[{"href":"https:\/\/joogakool.eu\/index.php?rest_route=%2Fwp%2Fv2%2Fmedia&parent=2044"}],"curies":[{"name":"wp","href":"https:\/\/api.w.org\/{rel}","templated":true}]}}