{"id":2018,"date":"2026-04-06T11:08:25","date_gmt":"2026-04-06T11:08:25","guid":{"rendered":"https:\/\/joogakool.eu\/?page_id=2018"},"modified":"2026-04-06T11:08:25","modified_gmt":"2026-04-06T11:08:25","slug":"kursused","status":"publish","type":"page","link":"https:\/\/joogakool.eu\/?page_id=2018","title":{"rendered":"Kursused"},"content":{"rendered":"\n<figure class=\"wp-block-image size-large\"><img loading=\"lazy\" decoding=\"async\" width=\"1024\" height=\"683\" src=\"http:\/\/joogakool.eu\/wp-content\/uploads\/2026\/04\/chat-gpt-mina-jooga-1024x683.png\" alt=\"\" class=\"wp-image-2019\" srcset=\"https:\/\/joogakool.eu\/wp-content\/uploads\/2026\/04\/chat-gpt-mina-jooga-1024x683.png 1024w, https:\/\/joogakool.eu\/wp-content\/uploads\/2026\/04\/chat-gpt-mina-jooga-300x200.png 300w, https:\/\/joogakool.eu\/wp-content\/uploads\/2026\/04\/chat-gpt-mina-jooga-768x512.png 768w, https:\/\/joogakool.eu\/wp-content\/uploads\/2026\/04\/chat-gpt-mina-jooga.png 1536w\" sizes=\"auto, (max-width: 767px) 89vw, (max-width: 1000px) 54vw, (max-width: 1071px) 543px, 580px\" \/><\/figure>\n\n\n\n<p>Iga kursus on teekond.<br>Mitte ainult teadmiste juurde, vaid iseenda juurde.<\/p>\n\n\n\n<p>Joogakool Lakshmi kursused on loodud selleks, et toetada Sinu sisemist tasakaalu, teadlikkust ja arengut \u2013 samm-sammult, turvaliselt ja s\u00fcgavuti. Siin kohtuvad iidsed joogateadmised, ajurveeda tarkus ning t\u00e4nap\u00e4evane arusaam kehast, meelest ja n\u00e4rvis\u00fcsteemist.<\/p>\n\n\n\n<p>Sa ei pea midagi \u201coskama\u201d, et alustada.<br>Oluline on vaid valmisolek kogeda, m\u00e4rgata ja lubada muutusel toimuda.<\/p>\n\n\n\n<p>Iga kursus annab Sulle:<br>\u2013 praktilised t\u00f6\u00f6riistad igap\u00e4evaeluks<br>\u2013 s\u00fcgavama arusaamise iseendast<br>\u2013 kogemuse, mida ei saa ainult lugedes v\u00f5i kuulates<\/p>\n\n\n\n<p>Olgu Sinu tee rahunemine, eneseleidmine, tervise toetamine v\u00f5i vaimne kasv \u2013 siit leiad midagi, mis k\u00f5netab.<\/p>\n\n\n\n<p>V\u00f5ta hetk.<br>Vaata ringi.<br>Tunne, milline kursus Sind kutsub.<\/p>\n\n\n\n<p>\ud83d\udc49 Vali endale sobiv kursus ja alusta oma teekonda juba t\u00e4na.<\/p>\n","protected":false},"excerpt":{"rendered":"<p>Iga kursus on teekond.Mitte ainult teadmiste juurde, vaid iseenda juurde. Joogakool Lakshmi kursused on loodud selleks, et toetada Sinu sisemist tasakaalu, teadlikkust ja arengut \u2013 samm-sammult, turvaliselt ja s\u00fcgavuti. Siin &hellip; <\/p>\n<p class=\"link-more\"><a href=\"https:\/\/joogakool.eu\/?page_id=2018\" class=\"more-link\">Continue reading<span class=\"screen-reader-text\"> &#8220;Kursused&#8221;<\/span><\/a><\/p>\n","protected":false},"author":1,"featured_media":0,"parent":0,"menu_order":0,"comment_status":"closed","ping_status":"closed","template":"","meta":{"footnotes":""},"class_list":["post-2018","page","type-page","status-publish","hentry"],"_links":{"self":[{"href":"https:\/\/joogakool.eu\/index.php?rest_route=\/wp\/v2\/pages\/2018","targetHints":{"allow":["GET"]}}],"collection":[{"href":"https:\/\/joogakool.eu\/index.php?rest_route=\/wp\/v2\/pages"}],"about":[{"href":"https:\/\/joogakool.eu\/index.php?rest_route=\/wp\/v2\/types\/page"}],"author":[{"embeddable":true,"href":"https:\/\/joogakool.eu\/index.php?rest_route=\/wp\/v2\/users\/1"}],"replies":[{"embeddable":true,"href":"https:\/\/joogakool.eu\/index.php?rest_route=%2Fwp%2Fv2%2Fcomments&post=2018"}],"version-history":[{"count":1,"href":"https:\/\/joogakool.eu\/index.php?rest_route=\/wp\/v2\/pages\/2018\/revisions"}],"predecessor-version":[{"id":2023,"href":"https:\/\/joogakool.eu\/index.php?rest_route=\/wp\/v2\/pages\/2018\/revisions\/2023"}],"wp:attachment":[{"href":"https:\/\/joogakool.eu\/index.php?rest_route=%2Fwp%2Fv2%2Fmedia&parent=2018"}],"curies":[{"name":"wp","href":"https:\/\/api.w.org\/{rel}","templated":true}]}}