{"id":1985,"date":"2026-04-06T08:14:09","date_gmt":"2026-04-06T08:14:09","guid":{"rendered":"https:\/\/joogakool.eu\/?page_id=1985"},"modified":"2026-04-06T09:53:21","modified_gmt":"2026-04-06T09:53:21","slug":"kontakt","status":"publish","type":"page","link":"https:\/\/joogakool.eu\/?page_id=1985","title":{"rendered":"Kontakt"},"content":{"rendered":"\n<p class=\"has-luminous-vivid-amber-to-luminous-vivid-orange-gradient-background has-background\" style=\"font-size:18px\"><strong>e-post:&nbsp; terviselate@gmail.com<\/strong><\/p>\n\n\n\n<p>Joogakool Lakshmi<\/p>\n\n\n\n<p>EHIS T\u00e4iskasvanuhariduse majandustegevusteade 207217<\/p>\n\n\n\n<p>Tervisel\u00e4te O\u00dc&nbsp; reg nr. 12098795<\/p>\n\n\n\n<p>Gayatri O\u00dc<\/p>\n\n\n\n<p>Tegevusaadress:&nbsp; Lembitu, Tobraselja k\u00fcla, Viljandi vald, Viljandimaa 71068<\/p>\n\n\n\n<p>Juriidiline aadress:&nbsp; Lembitu, Tobraselja k\u00fcla, Viljandi vald,<\/p>\n\n\n\n<p>Viljandimaa 71068<\/p>\n\n\n\n<p><\/p>\n\n\n\n<p>J\u00e4lgige meid ka <\/p>\n\n\n\n<p class=\"has-background\" style=\"background:linear-gradient(135deg,rgb(252,185,0) 0%,rgb(255,105,0) 51%)\">Facebook`is: <a href=\"http:\/\/www.facebook.com\/Joogakool-Lakshmi-373568516406083\/\" target=\"_blank\" rel=\"noopener noreferrer\">&nbsp;Joogakool Lakshmi<\/a><\/p>\n\n\n\n<p>Youtubes: <a href=\"http:\/\/www.youtube.com\/@joogakoollakshmi8376\">www.youtube.com\/@joogakoollakshmi8376<\/a><\/p>\n\n\n\n<p><\/p>\n","protected":false},"excerpt":{"rendered":"<p>e-post:&nbsp; terviselate@gmail.com Joogakool Lakshmi EHIS T\u00e4iskasvanuhariduse majandustegevusteade 207217 Tervisel\u00e4te O\u00dc&nbsp; reg nr. 12098795 Gayatri O\u00dc Tegevusaadress:&nbsp; Lembitu, Tobraselja k\u00fcla, Viljandi vald, Viljandimaa 71068 Juriidiline aadress:&nbsp; Lembitu, Tobraselja k\u00fcla, Viljandi vald, &hellip; <\/p>\n<p class=\"link-more\"><a href=\"https:\/\/joogakool.eu\/?page_id=1985\" class=\"more-link\">Continue reading<span class=\"screen-reader-text\"> &#8220;Kontakt&#8221;<\/span><\/a><\/p>\n","protected":false},"author":1,"featured_media":0,"parent":0,"menu_order":0,"comment_status":"closed","ping_status":"closed","template":"","meta":{"footnotes":""},"class_list":["post-1985","page","type-page","status-publish","hentry"],"_links":{"self":[{"href":"https:\/\/joogakool.eu\/index.php?rest_route=\/wp\/v2\/pages\/1985","targetHints":{"allow":["GET"]}}],"collection":[{"href":"https:\/\/joogakool.eu\/index.php?rest_route=\/wp\/v2\/pages"}],"about":[{"href":"https:\/\/joogakool.eu\/index.php?rest_route=\/wp\/v2\/types\/page"}],"author":[{"embeddable":true,"href":"https:\/\/joogakool.eu\/index.php?rest_route=\/wp\/v2\/users\/1"}],"replies":[{"embeddable":true,"href":"https:\/\/joogakool.eu\/index.php?rest_route=%2Fwp%2Fv2%2Fcomments&post=1985"}],"version-history":[{"count":5,"href":"https:\/\/joogakool.eu\/index.php?rest_route=\/wp\/v2\/pages\/1985\/revisions"}],"predecessor-version":[{"id":2014,"href":"https:\/\/joogakool.eu\/index.php?rest_route=\/wp\/v2\/pages\/1985\/revisions\/2014"}],"wp:attachment":[{"href":"https:\/\/joogakool.eu\/index.php?rest_route=%2Fwp%2Fv2%2Fmedia&parent=1985"}],"curies":[{"name":"wp","href":"https:\/\/api.w.org\/{rel}","templated":true}]}}