{"id":1953,"date":"2026-03-13T15:05:46","date_gmt":"2026-03-13T15:05:46","guid":{"rendered":"https:\/\/joogakool.eu\/?page_id=1953"},"modified":"2026-03-17T11:44:00","modified_gmt":"2026-03-17T11:44:00","slug":"naiste-retriit-soomes-loviisa-mere-aares","status":"publish","type":"page","link":"https:\/\/joogakool.eu\/?page_id=1953","title":{"rendered":"NAISTE RETRIIT SOOMES \u2013 LOVIISA MERE \u00c4\u00c4RES"},"content":{"rendered":"\n<figure class=\"wp-block-image size-large\"><img loading=\"lazy\" decoding=\"async\" width=\"700\" height=\"1024\" src=\"https:\/\/joogakool.eu\/wp-content\/uploads\/2026\/03\/retriit-2-700x1024.jpg\" alt=\"\" class=\"wp-image-1954\" srcset=\"https:\/\/joogakool.eu\/wp-content\/uploads\/2026\/03\/retriit-2-700x1024.jpg 700w, https:\/\/joogakool.eu\/wp-content\/uploads\/2026\/03\/retriit-2-205x300.jpg 205w, https:\/\/joogakool.eu\/wp-content\/uploads\/2026\/03\/retriit-2-768x1124.jpg 768w, https:\/\/joogakool.eu\/wp-content\/uploads\/2026\/03\/retriit-2.jpg 922w\" sizes=\"auto, (max-width: 700px) 100vw, 700px\" \/><\/figure>\n\n\n\n<p>Vaikus. Loodus. S\u00fcgavam kohtumine iseendaga.<\/p>\n\n\n\n<p>Kujuta ette n\u00e4dalavahetust, kus ei ole kiirust, kohustusi ega pidevat m\u00fcra.<br>On vaid meri, rahulik loodus ja ruum, kus saad l\u00f5puks p\u00e4riselt hingata ja olla kohal.<\/p>\n\n\n\n<p>Kutsume Sind v\u00e4ikesele ja hoitud retriidile Soome kaunisse Loviisa rannikulinna, kus veedame kolm p\u00e4eva teadveloleku, liikumise ja loovate t\u00f6\u00f6tubade keskel.<\/p>\n\n\n\n<p>See ei ole suur \u00fcritus.<br>See on v\u00e4ike ja eriline kogemus vaid 8 inimesele.<\/p>\n\n\n\n<p>N\u00e4dalavahetuse jooksul:<\/p>\n\n\n\n<p><img loading=\"lazy\" decoding=\"async\" height=\"16\" width=\"16\" alt=\"\ud83c\udf3f\" src=\"https:\/\/static.xx.fbcdn.net\/images\/emoji.php\/v9\/t1e\/1\/16\/1f33f.png\">&nbsp;\u00f5pime lihtsaid teadveloleku praktikaid, mis aitavad meelt rahustada ja keskenduda<br><img loading=\"lazy\" decoding=\"async\" height=\"16\" width=\"16\" alt=\"\ud83c\udf3f\" src=\"https:\/\/static.xx.fbcdn.net\/images\/emoji.php\/v9\/t1e\/1\/16\/1f33f.png\">&nbsp;liigume looduses ja mere \u00e4\u00e4res<br><img loading=\"lazy\" decoding=\"async\" height=\"16\" width=\"16\" alt=\"\ud83c\udf3f\" src=\"https:\/\/static.xx.fbcdn.net\/images\/emoji.php\/v9\/t1e\/1\/16\/1f33f.png\">&nbsp;kogeme vaikuse ja kohalolu j\u00f5udu<br><img loading=\"lazy\" decoding=\"async\" height=\"16\" width=\"16\" alt=\"\ud83c\udf3f\" src=\"https:\/\/static.xx.fbcdn.net\/images\/emoji.php\/v9\/t1e\/1\/16\/1f33f.png\">&nbsp;avastame loovuse kaudu oma sisemaailma<br><img loading=\"lazy\" decoding=\"async\" height=\"16\" width=\"16\" alt=\"\ud83c\udf3f\" src=\"https:\/\/static.xx.fbcdn.net\/images\/emoji.php\/v9\/t1e\/1\/16\/1f33f.png\">&nbsp;v\u00f5tame aega iseenda jaoks<\/p>\n\n\n\n<p>Retriiti juhendavad Anne R\u00e4ndva ja Tiina P\u00f5rk, kes loovad turvalise ja sooja ruumi, kus saab olla just selline nagu oled.<\/p>\n\n\n\n<p>See n\u00e4dalavahetus ei ole lihtsalt v\u00e4ljas\u00f5it.<br>See v\u00f5ib olla v\u00e4ike sisemine restart.<\/p>\n\n\n\n<p><img loading=\"lazy\" decoding=\"async\" height=\"16\" width=\"16\" alt=\"\ud83c\udf3f\" src=\"https:\/\/static.xx.fbcdn.net\/images\/emoji.php\/v9\/t1e\/1\/16\/1f33f.png\">&nbsp;PROGRAMM<\/p>\n\n\n\n<p>Reede<br>Saabumine Loviisasse ja majutumine<br>Tutvumisring ja n\u00e4dalavahetuse sissejuhatus<br>Teadveloleku harjutused, mis aitavad meil aeglustuda ja t\u00e4helepanu koondada<br>\u00d5htune jalutusk\u00e4ik mere \u00e4\u00e4res ja p\u00e4ikeseloojangu vaatamine<\/p>\n\n\n\n<p>Laup\u00e4ev<br>Hommikused teadveloleku ja keskendumise harjutused<br>\u00dchine jalutusk\u00e4ik Loviisa kaunis sadama- ja vanalinna piirkonnas<br>Loovad ja reflektiivsed harjutused, mis aitavad m\u00e4rgata oma sisemisi seisundeid ning kuulata iseennast ja teisi s\u00fcgavamalt<br>\u00d5htul rahulik aeg mere \u00e4\u00e4res v\u00f5i linnas jalutamiseks<\/p>\n\n\n\n<p>P\u00fchap\u00e4ev<br>Hommikused teadveloleku ja keskendumise harjutused<br>Tiina t\u00f6\u00f6tuba \u2013 turvalise ruumi loomine ja kuulamise praktika suhetes<br>L\u00f5puring ja n\u00e4dalavahetuse l\u00f5petamine<\/p>\n\n\n\n<p>Tagasis\u00f5it Eestisse.<br>Programm on rahulik ja paindlik. Kui ilm on ilus, liigume rohkem looduses, jalutame mere \u00e4\u00e4res ja teeme harjutusi \u00f5ues.<\/p>\n\n\n\n<p><img loading=\"lazy\" decoding=\"async\" height=\"16\" width=\"16\" alt=\"\ud83d\udccd\" src=\"https:\/\/static.xx.fbcdn.net\/images\/emoji.php\/v9\/t2d\/1\/16\/1f4cd.png\">&nbsp;Asukoht: Loviisa, Soome<br><img loading=\"lazy\" decoding=\"async\" height=\"16\" width=\"16\" alt=\"\ud83d\udc65\" src=\"https:\/\/static.xx.fbcdn.net\/images\/emoji.php\/v9\/t8b\/1\/16\/1f465.png\">&nbsp;Kohti ainult 8 inimesele<\/p>\n\n\n\n<p><img loading=\"lazy\" decoding=\"async\" height=\"16\" width=\"16\" alt=\"\u2728\" src=\"https:\/\/static.xx.fbcdn.net\/images\/emoji.php\/v9\/tf4\/1\/16\/2728.png\">&nbsp;Early Bird hind (kehtib kuni 1.05.2026): 295 \u20ac<br><img loading=\"lazy\" decoding=\"async\" height=\"16\" width=\"16\" alt=\"\u2728\" src=\"https:\/\/static.xx.fbcdn.net\/images\/emoji.php\/v9\/tf4\/1\/16\/2728.png\">&nbsp;Tavahind: 335 \u20ac<\/p>\n\n\n\n<p><img loading=\"lazy\" decoding=\"async\" height=\"16\" width=\"16\" alt=\"\ud83c\udf3f\" src=\"https:\/\/static.xx.fbcdn.net\/images\/emoji.php\/v9\/t1e\/1\/16\/1f33f.png\">&nbsp;HIND<\/p>\n\n\n\n<p>Early bird hind: 295 \u20ac<br>Tavahind: 335 \u20ac<\/p>\n\n\n\n<p><img loading=\"lazy\" decoding=\"async\" height=\"16\" width=\"16\" alt=\"\ud83c\udf3f\" src=\"https:\/\/static.xx.fbcdn.net\/images\/emoji.php\/v9\/t1e\/1\/16\/1f33f.png\">&nbsp;HINNA SEES<br>\u2022 majutus kaheks \u00f6\u00f6ks kahekohalises toas Loviisa hotellis<br>\u2022 kogu retriidi programm<br>\u2022 teadveloleku praktikad ja juhendatud harjutused<br>\u2022 t\u00f6\u00f6toad<br>\u2022 jalutusk\u00e4igud ja \u00fchised tegevused<\/p>\n\n\n\n<p><img loading=\"lazy\" decoding=\"async\" height=\"16\" width=\"16\" alt=\"\ud83c\udf3f\" src=\"https:\/\/static.xx.fbcdn.net\/images\/emoji.php\/v9\/t1e\/1\/16\/1f33f.png\">&nbsp;HINNA SEES EI OLE<br>\u2022 transport Soome ja Loviisasse<br>\u2022 laevapiletid<br>\u2022 kohapealsed s\u00f6\u00f6gid ja joogid<\/p>\n\n\n\n<p>REGISTREERUMINE<br>Koha retriidil kinnitab 149 \u20ac registreerimistasu tasumine. Selleks palume registreeruda kirjutades terviselate@gmail.com <br>( \u00dclej\u00e4\u00e4nud osalustasu tasutakse hiljemalt 1.07.2026)<\/p>\n\n\n\n<p>v\u00f5i osta mugavalt Fienta kaudu sobiv: <a href=\"https:\/\/fienta.com\/et\/teadveloleku-nadalavahetus-soome-rannikul-17-19-07-2026\">https:\/\/fienta.com\/et\/teadveloleku-nadalavahetus-soome-rannikul-17-19-07-2026<\/a><\/p>\n\n\n\n<p>LOOBUMINE V\u00d5I T\u00dcHISTAMINE<br>Registreerimistasu 149 \u20ac ei kuulu tagastamisele,.<br>\u2022 kuni 30 p\u00e4eva enne retriiti \u2013 tagastatakse 100% \u00fclej\u00e4\u00e4nud osalustasust<br>\u2022 14\u201330 p\u00e4eva enne retriiti \u2013 tagastatakse 50% \u00fclej\u00e4\u00e4nud osalustasust<br>\u2022 v\u00e4hem kui 14 p\u00e4eva enne retriiti \u2013 osalustasu ei tagastata<br>Osalejal on \u00f5igus soovi korral leida enda asemele teine osaleja, kellele saab oma koha \u00fcle anda.<br>Kui retriit j\u00e4\u00e4b \u00e4ra korraldaja poolt, tagastatakse kogu tasutud osalustasu.<\/p>\n\n\n\n<p>Majutuskoha l\u00e4heduses on kohvikud ja restoranid ning p\u00e4evase jalutusk\u00e4igu ajal peatume ka m\u00f5nes toitlustuskohas. \u00d5htus\u00f6\u00f6gid saab iga osaleja valida vastavalt oma soovile.<\/p>\n\n\n\n<p>Kui tunned, et see kutse k\u00f5netab Sind, siis kirjuta, tee broneering v\u00f5i k\u00fcsi lisainfot.<\/p>\n\n\n\n<p>Sageli on just need hetked, kus v\u00f5tame aja maha, need mis muudavad midagi p\u00e4riselt.<br><img loading=\"lazy\" decoding=\"async\" height=\"16\" width=\"16\" alt=\"\ud83d\udc9b\" src=\"https:\/\/static.xx.fbcdn.net\/images\/emoji.php\/v9\/t15\/1\/16\/1f49b.png\"><br>Anne &amp; Tiina<\/p>\n\n\n\n<p>Tiinast :<br>Tiina P\u00f5rk on eripedagoog, kellel on \u00fcle 36 aasta kogemust t\u00f6\u00f6tamisel laste ja noortega, kelle arengutee on olnud tavap\u00e4rasest erinev. Ta on t\u00f6\u00f6tanud vaimupuudega laste, ATH-ga laste, autismispektril olevate laste ning valikulise mutismiga lastega. Samuti on tal kogemus rehabilitatsioonit\u00f6\u00f6s, mis on \u00f5petanud n\u00e4gema inimest tervikuna \u2013 tema tugevuste, vajaduste ja elukeskkonna kaudu.<\/p>\n\n\n\n<p>Tiina t\u00f6\u00f6 keskmes on alati olnud inimene ise, mitte diagnoos. Tema l\u00e4henemist iseloomustavad rahulik tempo, t\u00e4helepanelik kuulamine ja s\u00fcgav austus inimese sisemaailma vastu.<\/p>\n\n\n\n<p>Oma t\u00f6\u00f6s kasutab ta sageli loovaid meetodeid \u2013 joonistamist, kujundeid ja s\u00fcmboleid \u2013, mis aitavad v\u00e4ljendada seda, mida on vahel s\u00f5nades raske \u00f6elda. Ta usub, et loovus ja turvaline suhe loovad ruumi, kus inimene saab end paremini m\u00f5ista ja tasakaalu leida.<\/p>\n\n\n\n<p>Tiina leiab inspiratsiooni loodusest, raamatutest, teatrist. Talle meeldivad jalgrattas\u00f5it, meri ja ujumine \u2013 vaikne liikumine ja hetked, mis aitavad olla kohal.<\/p>\n\n\n\n<p>Retriidi ajal juhendab Tiina t\u00f6\u00f6tubasid, kus uurime kuulamist, kohalolu ja turvalise ruumi loomist suhetes.<\/p>\n\n\n\n<p>Annest:<br>Anne R\u00e4ndva<\/p>\n\n\n\n<p>Anne R\u00e4ndva on jooga\u00f5petaja ja koolitaja, kes on p\u00fchendunud teadveloleku, jooga ja sisemise tasakaalu \u00f5petamisele. Ta on \u00f5ppinud joogat mitmel korral Indias ning juhendab erinevaid kursusi, retriite ja t\u00f6\u00f6tubasid, kus keskmes on teadlik kohalolu, hingamine ja inimese sisemine areng.<\/p>\n\n\n\n<p>Anne \u00f5petamise stiili iseloomustavad rahulik tempo, selged juhised ja toetav \u00f5hkkond. Tema juhendatud praktika ei keskendu sooritusele, vaid aitab inimestel \u00f5ppida m\u00e4rkama oma keha, hingamist ja m\u00f5tteid ning arendada keskendumist ja sisemist rahu.<\/p>\n\n\n\n<p>Lisaks juhendab Anne jooga\u00f5petajate ning teadveloleku juhendajate kursusi. Tema eesm\u00e4rk on anda inimestele praktilisi oskusi, mis aitavad tulla paremini toime igap\u00e4evaelu pingete ja kiirusega.<\/p>\n\n\n\n<p>Retriidi jooksul juhendab Anne teadveloleku ja keskendumise harjutusi, mis aitavad rahustada meelt, tuua t\u00e4helepanu kehasse ja kogeda hetke selgemalt.<\/p>\n\n\n\n<figure class=\"wp-block-image\"><img decoding=\"async\" src=\"https:\/\/static.xx.fbcdn.net\/images\/emoji.php\/v9\/tf4\/1\/16\/2728.png\" alt=\"\u2728\"\/><\/figure>\n\n\n\n<figure class=\"wp-block-image\"><img decoding=\"async\" src=\"https:\/\/static.xx.fbcdn.net\/images\/emoji.php\/v9\/tf4\/1\/16\/2728.png\" alt=\"\u2728\"\/><\/figure>\n\n\n\n<figure class=\"wp-block-image\"><img decoding=\"async\" src=\"https:\/\/static.xx.fbcdn.net\/images\/emoji.php\/v9\/tf4\/1\/16\/2728.png\" alt=\"\u2728\"\/><\/figure>\n","protected":false},"excerpt":{"rendered":"<p>Vaikus. Loodus. S\u00fcgavam kohtumine iseendaga. Kujuta ette n\u00e4dalavahetust, kus ei ole kiirust, kohustusi ega pidevat m\u00fcra.On vaid meri, rahulik loodus ja ruum, kus saad l\u00f5puks p\u00e4riselt hingata ja olla kohal. &hellip; <\/p>\n<p class=\"link-more\"><a href=\"https:\/\/joogakool.eu\/?page_id=1953\" class=\"more-link\">Continue reading<span class=\"screen-reader-text\"> &#8220;NAISTE RETRIIT SOOMES \u2013 LOVIISA MERE \u00c4\u00c4RES&#8221;<\/span><\/a><\/p>\n","protected":false},"author":1,"featured_media":0,"parent":0,"menu_order":0,"comment_status":"closed","ping_status":"closed","template":"","meta":{"footnotes":""},"class_list":["post-1953","page","type-page","status-publish","hentry"],"_links":{"self":[{"href":"https:\/\/joogakool.eu\/index.php?rest_route=\/wp\/v2\/pages\/1953","targetHints":{"allow":["GET"]}}],"collection":[{"href":"https:\/\/joogakool.eu\/index.php?rest_route=\/wp\/v2\/pages"}],"about":[{"href":"https:\/\/joogakool.eu\/index.php?rest_route=\/wp\/v2\/types\/page"}],"author":[{"embeddable":true,"href":"https:\/\/joogakool.eu\/index.php?rest_route=\/wp\/v2\/users\/1"}],"replies":[{"embeddable":true,"href":"https:\/\/joogakool.eu\/index.php?rest_route=%2Fwp%2Fv2%2Fcomments&post=1953"}],"version-history":[{"count":3,"href":"https:\/\/joogakool.eu\/index.php?rest_route=\/wp\/v2\/pages\/1953\/revisions"}],"predecessor-version":[{"id":1968,"href":"https:\/\/joogakool.eu\/index.php?rest_route=\/wp\/v2\/pages\/1953\/revisions\/1968"}],"wp:attachment":[{"href":"https:\/\/joogakool.eu\/index.php?rest_route=%2Fwp%2Fv2%2Fmedia&parent=1953"}],"curies":[{"name":"wp","href":"https:\/\/api.w.org\/{rel}","templated":true}]}}