{"id":1393,"date":"2025-11-12T19:19:44","date_gmt":"2025-11-12T19:19:44","guid":{"rendered":"https:\/\/joogakool.eu\/?page_id=1393"},"modified":"2025-12-23T19:57:45","modified_gmt":"2025-12-23T19:57:45","slug":"avaleht","status":"publish","type":"page","link":"https:\/\/joogakool.eu\/?page_id=1393","title":{"rendered":"Avaleht"},"content":{"rendered":"\n<figure class=\"wp-block-image size-full is-resized\"><img loading=\"lazy\" decoding=\"async\" width=\"1024\" height=\"1024\" src=\"http:\/\/joogakool.eu\/wp-content\/uploads\/2025\/10\/Joogakooll-Lakshmi-Logo-ilma-OM-sumbolita-1.png\" alt=\"\" class=\"wp-image-1196\" style=\"width:123px;height:auto\" srcset=\"https:\/\/joogakool.eu\/wp-content\/uploads\/2025\/10\/Joogakooll-Lakshmi-Logo-ilma-OM-sumbolita-1.png 1024w, https:\/\/joogakool.eu\/wp-content\/uploads\/2025\/10\/Joogakooll-Lakshmi-Logo-ilma-OM-sumbolita-1-300x300.png 300w, https:\/\/joogakool.eu\/wp-content\/uploads\/2025\/10\/Joogakooll-Lakshmi-Logo-ilma-OM-sumbolita-1-150x150.png 150w, https:\/\/joogakool.eu\/wp-content\/uploads\/2025\/10\/Joogakooll-Lakshmi-Logo-ilma-OM-sumbolita-1-768x768.png 768w, https:\/\/joogakool.eu\/wp-content\/uploads\/2025\/10\/Joogakooll-Lakshmi-Logo-ilma-OM-sumbolita-1-100x100.png 100w\" sizes=\"auto, (max-width: 767px) 89vw, (max-width: 1000px) 54vw, (max-width: 1071px) 543px, 580px\" \/><\/figure>\n\n\n\n<div class=\"wp-block-cover\"><img loading=\"lazy\" decoding=\"async\" width=\"1024\" height=\"572\" class=\"wp-block-cover__image-background wp-image-1459 size-large\" alt=\"\" src=\"http:\/\/joogakool.eu\/wp-content\/uploads\/2025\/11\/joogatund-leonardo-ai-1024x572.jpg\" data-object-fit=\"cover\" srcset=\"https:\/\/joogakool.eu\/wp-content\/uploads\/2025\/11\/joogatund-leonardo-ai-1024x572.jpg 1024w, https:\/\/joogakool.eu\/wp-content\/uploads\/2025\/11\/joogatund-leonardo-ai-300x167.jpg 300w, https:\/\/joogakool.eu\/wp-content\/uploads\/2025\/11\/joogatund-leonardo-ai-768x429.jpg 768w, https:\/\/joogakool.eu\/wp-content\/uploads\/2025\/11\/joogatund-leonardo-ai.jpg 1376w\" sizes=\"auto, (max-width: 767px) 89vw, (max-width: 1000px) 54vw, (max-width: 1071px) 543px, 580px\" \/><span aria-hidden=\"true\" class=\"wp-block-cover__background has-background-dim-20 has-background-dim\"><\/span><div class=\"wp-block-cover__inner-container is-layout-constrained wp-block-cover-is-layout-constrained\">\n<p class=\"has-text-align-center has-x-large-font-size\"><\/p>\n<\/div><\/div>\n\n\n\n<h2 class=\"wp-block-heading\"><strong>Tere tulemast Joogakool Lakshmi<\/strong> <strong>kodulehele!<\/strong><\/h2>\n\n\n\n<p>Joogakool Lakshmi on paik, kus aeg aeglustub ja hing saab taas rahus hingata.<br>Siin kohtuvad iidne jooga tarkus, teadveloleku kunst ja kaasaegne arusaam inimesest kui tervikust \u2013 kehast, meelest ja hingest.<\/p>\n\n\n\n<p>Meie eesm\u00e4rk on toetada Sinu teekonda tasakaalu, teadlikkuse ja sisemise rahu suunas.<br>Olgu see Sinu esimene joogakogemus v\u00f5i s\u00fcvendatud \u00f5pe, Joogakool Lakshmi tunnid ja kursused on loodud selleks, et aidata Sul <strong>meenutada seda, mis on juba Sinus olemas<\/strong> \u2013 rahu, kohalolu ja valgus.<\/p>\n\n\n\n<hr class=\"wp-block-separator has-alpha-channel-opacity\"\/>\n\n\n\n<h3 class=\"wp-block-heading\">\ud83c\udf38 <strong>Meie teekonnal kohtuvad<\/strong><\/h3>\n\n\n\n<ul class=\"wp-block-list\">\n<li><strong>Jooga ja ajurveeda<\/strong> \u2013 iidne teadmine tasakaalust ja elur\u00fctmidest<\/li>\n\n\n\n<li><strong>Mindfulness ja meditatsioon<\/strong> \u2013 teadlik kohalolu ja sisemine rahu<\/li>\n\n\n\n<li><strong>Joogateraapia ja eneseregulatsioon<\/strong> \u2013 keha ja n\u00e4rvis\u00fcsteemi harmoonia taastamine<\/li>\n\n\n\n<li><strong>Tantra ja teadlikkus<\/strong> \u2013 eluenergia, s\u00fcdameteekond ja vaimne \u00fchendus<\/li>\n<\/ul>\n\n\n\n<hr class=\"wp-block-separator has-alpha-channel-opacity\"\/>\n\n\n\n<h3 class=\"wp-block-heading\">\ud83c\udf3f <strong>Joogakool Lakshmis saad kogeda<\/strong><\/h3>\n\n\n\n<p>\u2022 Joogatunde ja teadveloleku praktikaid saalis  ja veebis<br>\u2022 Privaatseid joogateraapia seansse ja Jooga Nidra koduvisiite<br>\u2022 \u00d5ppekavasid ja juhendajakursusi (Hatha, Raja, Mindfulness, Tantra)<br>\u2022 Joogalaagreid ja retriite Eestis ja v\u00e4lismaal<br>\u2022 Eelsalvestatud veebikursusi \u2013 \u00f5pi omas tempos<\/p>\n\n\n\n<hr class=\"wp-block-separator has-alpha-channel-opacity\"\/>\n\n\n\n<p>Joogakool Lakshmi on loodud s\u00fcdamest \u2013 ruumiks, kus inimene saab aeglustada, hingata ja meenutada oma t\u00f5elist olemust.<br>See on <strong>teekond rahusse, valgusesse ja teadlikkusse<\/strong>.<\/p>\n\n\n\n<h2 class=\"wp-block-heading\">Joogakool Lakshmi suunad<\/h2>\n\n\n\n<div class=\"wp-block-columns is-layout-flex wp-container-core-columns-is-layout-9d6595d7 wp-block-columns-is-layout-flex\">\n<div class=\"wp-block-column is-layout-flow wp-block-column-is-layout-flow\">\n<p>Jooga ja Ajurveeda<\/p>\n\n\n\n<p class=\"has-text-align-left\">Iidsed teadmised keha, meele ja hingamise harmooniast<\/p>\n<\/div>\n\n\n\n<div class=\"wp-block-column is-layout-flow wp-block-column-is-layout-flow\">\n<p>Mindfulness ja Meditatsioon<\/p>\n\n\n\n<p>Teadlik kohalolu ja sisemine rahu l\u00e4bi praktika.<\/p>\n<\/div>\n\n\n\n<div class=\"wp-block-column is-layout-flow wp-block-column-is-layout-flow\">\n<p>Joogateraapia ja Eneseregulatsioon<\/p>\n\n\n\n<p>Jooga tehnikate abil tasakaalu loomine .<\/p>\n<\/div>\n\n\n\n<div class=\"wp-block-column is-layout-flow wp-block-column-is-layout-flow\">\n<p>Tantra ja Teadlikkus<\/p>\n\n\n\n<p>Energia, s\u00fcdame ja kohalolu \u00fchendus.<\/p>\n<\/div>\n<\/div>\n\n\n\n<div class=\"wp-block-buttons is-layout-flex wp-block-buttons-is-layout-flex\">\n<div class=\"wp-block-button\"><a class=\"wp-block-button__link wp-element-button\" href=\"https:\/\/joogakool.eu\/?page_id=30\">Vaata kursuseid<\/a><\/div>\n\n\n\n<div class=\"wp-block-button\"><a class=\"wp-block-button__link wp-element-button\" href=\"https:\/\/joogakool.eu\/?page_id=1387\">\u00d5pi omas tempos<\/a><\/div>\n\n\n\n<div class=\"wp-block-button\"><a class=\"wp-block-button__link wp-element-button\" href=\"https:\/\/joogakool.eu\/?page_id=258\">Joogatunnid<\/a><\/div>\n\n\n\n<div class=\"wp-block-button\"><a class=\"wp-block-button__link wp-element-button\" href=\"https:\/\/joogakool.eu\/?page_id=1325\">Tutvu teenustega<\/a><\/div>\n\n\n\n<div class=\"wp-block-button\"><a class=\"wp-block-button__link wp-element-button\" href=\"https:\/\/joogakool.eu\/?page_id=196\">Retriidid<\/a><\/div>\n\n\n\n<div class=\"wp-block-button\"><a class=\"wp-block-button__link wp-element-button\" href=\"https:\/\/youtu.be\/WFaw2_8a_Xk\">Kuula<\/a><\/div>\n<\/div>\n\n\n\n<div class=\"wp-block-buttons is-layout-flex wp-block-buttons-is-layout-flex\">\n<div class=\"wp-block-button\"><a class=\"wp-block-button__link wp-element-button\" href=\"https:\/\/joogakool.eu\/?page_id=1138\">Tagasiside<\/a><\/div>\n\n\n\n<div class=\"wp-block-button\"><a class=\"wp-block-button__link wp-element-button\" href=\"https:\/\/joogakool.eu\/?page_id=1127\">Blogi<\/a><\/div>\n\n\n\n<div class=\"wp-block-button\"><a class=\"wp-block-button__link wp-element-button\" href=\"https:\/\/joogakool.eu\/?page_id=10\">V\u00f5ta \u00fchendust <\/a><\/div>\n<\/div>\n\n\n\n<hr class=\"wp-block-separator has-alpha-channel-opacity\"\/>\n\n\n\n<p>Oled oodatud!<br>Tule ja leia oma sisemine allikas.<\/p>\n\n\n\n<p>\ud83d\udd49<br><strong>Anne R\u00e4ndva<\/strong><br>Joogakool Lakshmi asutaja ja juhendaja<\/p>\n\n\n\n<div class=\"wp-block-buttons is-layout-flex wp-block-buttons-is-layout-flex\">\n<div class=\"wp-block-button\"><a class=\"wp-block-button__link wp-element-button\" href=\"https:\/\/joogakool.eu\/?page_id=9\">Anne R\u00e4ndvast rohkem<\/a><\/div>\n<\/div>\n\n\n\n<p><\/p>\n","protected":false},"excerpt":{"rendered":"<p>Tere tulemast Joogakool Lakshmi kodulehele! Joogakool Lakshmi on paik, kus aeg aeglustub ja hing saab taas rahus hingata.Siin kohtuvad iidne jooga tarkus, teadveloleku kunst ja kaasaegne arusaam inimesest kui tervikust &hellip; <\/p>\n<p class=\"link-more\"><a href=\"https:\/\/joogakool.eu\/?page_id=1393\" class=\"more-link\">Continue reading<span class=\"screen-reader-text\"> &#8220;Avaleht&#8221;<\/span><\/a><\/p>\n","protected":false},"author":1,"featured_media":0,"parent":0,"menu_order":0,"comment_status":"closed","ping_status":"closed","template":"","meta":{"footnotes":""},"class_list":["post-1393","page","type-page","status-publish","hentry"],"_links":{"self":[{"href":"https:\/\/joogakool.eu\/index.php?rest_route=\/wp\/v2\/pages\/1393","targetHints":{"allow":["GET"]}}],"collection":[{"href":"https:\/\/joogakool.eu\/index.php?rest_route=\/wp\/v2\/pages"}],"about":[{"href":"https:\/\/joogakool.eu\/index.php?rest_route=\/wp\/v2\/types\/page"}],"author":[{"embeddable":true,"href":"https:\/\/joogakool.eu\/index.php?rest_route=\/wp\/v2\/users\/1"}],"replies":[{"embeddable":true,"href":"https:\/\/joogakool.eu\/index.php?rest_route=%2Fwp%2Fv2%2Fcomments&post=1393"}],"version-history":[{"count":5,"href":"https:\/\/joogakool.eu\/index.php?rest_route=\/wp\/v2\/pages\/1393\/revisions"}],"predecessor-version":[{"id":1925,"href":"https:\/\/joogakool.eu\/index.php?rest_route=\/wp\/v2\/pages\/1393\/revisions\/1925"}],"wp:attachment":[{"href":"https:\/\/joogakool.eu\/index.php?rest_route=%2Fwp%2Fv2%2Fmedia&parent=1393"}],"curies":[{"name":"wp","href":"https:\/\/api.w.org\/{rel}","templated":true}]}}