{"id":1387,"date":"2025-11-12T19:12:32","date_gmt":"2025-11-12T19:12:32","guid":{"rendered":"https:\/\/joogakool.eu\/?page_id=1387"},"modified":"2026-03-13T14:57:42","modified_gmt":"2026-03-13T14:57:42","slug":"opi-omas-tempos","status":"publish","type":"page","link":"https:\/\/joogakool.eu\/?page_id=1387","title":{"rendered":"\u00d5pi omas tempos"},"content":{"rendered":"\n<h2 class=\"wp-block-heading has-black-color has-text-color has-link-color wp-elements-d9fd0119ff4aa6315bba86599b59b352\" style=\"font-size:18px\"><strong>Veebikursused \u2013 \u00f5pi omas tempos<\/strong><\/h2>\n\n\n\n<p>Joogakool Lakshmi veebikursused on loodud neile, kes soovivad \u00f5ppida, kasvada ja s\u00fcveneda joogasse, meditatsiooni v\u00f5i teadvelolekusse <strong>omal ajal ja omas tempos<\/strong>.<br>K\u00f5ik kursused on <strong>eelsalvestatud ja professionaalselt juhendatud<\/strong>, et saaksid kogeda \u00f5petust nii, nagu oleksid p\u00e4riselt kursusel kohal \u2013 ainult et mugavalt oma kodus.<\/p>\n\n\n\n<p>Need kursused on m\u00f5eldud nii <strong>isiklikuks s\u00fcvenemiseks<\/strong> kui ka <strong>jooga\u00f5petajatele ja terapeutidele<\/strong> eneset\u00e4ienduseks.<br>Iga video ja harjutus on loodud selleks, et toetada sinu sisemist tasakaalu, rahu ja teadlikkust igap\u00e4evaelus.<\/p>\n\n\n\n<hr class=\"wp-block-separator has-alpha-channel-opacity\"\/>\n\n\n\n<h3 class=\"wp-block-heading has-black-color has-text-color has-link-color wp-elements-f4bdffd686ea226d12c92661851ef4d8\" style=\"font-size:18px\"><strong>Miks valida eelsalvestatud kursus<\/strong>?<\/h3>\n\n\n\n<p>\u2022 saad \u00f5ppida <strong>endale sobival ajal ja tempos<\/strong><br>\u2022 saad kursusele ligip\u00e4\u00e4su kohe p\u00e4rast registreerimist<br>\u2022 saad <strong>videoid korduvalt vaadata<\/strong> ja praktikaid uuesti kogeda<br>\u2022 ei pea osalema kindlal kuup\u00e4eval ega ajaliselt piiratud grupis<br>\u2022 k\u00f5ik kursused sisaldavad <strong>juhendatud praktikaid, teooriat ja refleksioonik\u00fcsimusi<\/strong><\/p>\n\n\n\n<div class=\"wp-block-buttons is-layout-flex wp-block-buttons-is-layout-flex\">\n<div class=\"wp-block-button\"><a class=\"wp-block-button__link wp-element-button\" href=\"https:\/\/joogakool.eu\/?page_id=1382\">Vaata eelsalvestatud kursuseid ja tee oma valik siit<\/a><\/div>\n<\/div>\n\n\n\n<p><\/p>\n","protected":false},"excerpt":{"rendered":"<p>Veebikursused \u2013 \u00f5pi omas tempos Joogakool Lakshmi veebikursused on loodud neile, kes soovivad \u00f5ppida, kasvada ja s\u00fcveneda joogasse, meditatsiooni v\u00f5i teadvelolekusse omal ajal ja omas tempos.K\u00f5ik kursused on eelsalvestatud ja &hellip; <\/p>\n<p class=\"link-more\"><a href=\"https:\/\/joogakool.eu\/?page_id=1387\" class=\"more-link\">Continue reading<span class=\"screen-reader-text\"> &#8220;\u00d5pi omas tempos&#8221;<\/span><\/a><\/p>\n","protected":false},"author":1,"featured_media":0,"parent":0,"menu_order":0,"comment_status":"closed","ping_status":"closed","template":"","meta":{"footnotes":""},"class_list":["post-1387","page","type-page","status-publish","hentry"],"_links":{"self":[{"href":"https:\/\/joogakool.eu\/index.php?rest_route=\/wp\/v2\/pages\/1387","targetHints":{"allow":["GET"]}}],"collection":[{"href":"https:\/\/joogakool.eu\/index.php?rest_route=\/wp\/v2\/pages"}],"about":[{"href":"https:\/\/joogakool.eu\/index.php?rest_route=\/wp\/v2\/types\/page"}],"author":[{"embeddable":true,"href":"https:\/\/joogakool.eu\/index.php?rest_route=\/wp\/v2\/users\/1"}],"replies":[{"embeddable":true,"href":"https:\/\/joogakool.eu\/index.php?rest_route=%2Fwp%2Fv2%2Fcomments&post=1387"}],"version-history":[{"count":5,"href":"https:\/\/joogakool.eu\/index.php?rest_route=\/wp\/v2\/pages\/1387\/revisions"}],"predecessor-version":[{"id":1946,"href":"https:\/\/joogakool.eu\/index.php?rest_route=\/wp\/v2\/pages\/1387\/revisions\/1946"}],"wp:attachment":[{"href":"https:\/\/joogakool.eu\/index.php?rest_route=%2Fwp%2Fv2%2Fmedia&parent=1387"}],"curies":[{"name":"wp","href":"https:\/\/api.w.org\/{rel}","templated":true}]}}