{"id":1373,"date":"2025-11-12T10:42:44","date_gmt":"2025-11-12T10:42:44","guid":{"rendered":"https:\/\/joogakool.eu\/?page_id=1373"},"modified":"2025-12-23T14:12:52","modified_gmt":"2025-12-23T14:12:52","slug":"tantraohtud","status":"publish","type":"page","link":"https:\/\/joogakool.eu\/?page_id=1373","title":{"rendered":"Tantra\u00f5htud"},"content":{"rendered":"\n<figure class=\"wp-block-image size-large\"><img loading=\"lazy\" decoding=\"async\" width=\"1024\" height=\"572\" src=\"https:\/\/joogakool.eu\/wp-content\/uploads\/2025\/11\/9-tantra-1024x572.jpg\" alt=\"\" class=\"wp-image-1638\" srcset=\"https:\/\/joogakool.eu\/wp-content\/uploads\/2025\/11\/9-tantra-1024x572.jpg 1024w, https:\/\/joogakool.eu\/wp-content\/uploads\/2025\/11\/9-tantra-300x167.jpg 300w, https:\/\/joogakool.eu\/wp-content\/uploads\/2025\/11\/9-tantra-768x429.jpg 768w, https:\/\/joogakool.eu\/wp-content\/uploads\/2025\/11\/9-tantra.jpg 1376w\" sizes=\"auto, (max-width: 767px) 89vw, (max-width: 1000px) 54vw, (max-width: 1071px) 543px, 580px\" \/><\/figure>\n\n\n\n<h1 class=\"wp-block-heading has-background\" style=\"background-color:#7bdbb538\"><strong>TANTRA\u00d5HTUD \u2013 pehme ruum \u00fchenduseks, energiaks ja sisemiseks tasakaaluks<\/strong><\/h1>\n\n\n\n<p style=\"font-size:16px\">Kas igatsed hetke, kus saad maha tulla argip\u00e4eva saginast, rahustada meelt ja avada keha l\u00e4bi pehme energia liikumise?<br>Tantra\u00f5htud on loodud just selleks: <strong>ruumiks, kus \u00e4rkab sisemine rahu, kohalolu, soojus ja \u00fchendus enda s\u00fcgavama naiseliku v\u00f5i meheliku olemusega.<\/strong><\/p>\n\n\n\n<p style=\"font-size:16px\">See ei ole neotantra ega paaripraktikate \u00f5htu.<br>See on <strong>traditsiooniline, parema k\u00e4e tantra<\/strong> \u2013 rituaalid, hingamine, energia tasakaalustamine ja pehme kohalolu.<\/p>\n\n\n\n<p style=\"font-size:16px\">Iga \u00f5htu loob turvalise ruumi:<br>olla n\u00e4htud, hingata kergemalt ja tunda, kuidas eluj\u00f5ud hakkab uuesti voolama.<\/p>\n\n\n\n<hr class=\"wp-block-separator has-alpha-channel-opacity\"\/>\n\n\n\n<h1 class=\"wp-block-heading\" style=\"font-size:18px\"><strong>Mida tantra\u00f5htutel koged?<\/strong><\/h1>\n\n\n\n<p style=\"font-size:16px\">Iga \u00f5htu sisaldab:<br>\u2022 pehmeid tantristlikke energiapraktikaid (ilma puudutuseta)<br>\u2022 hingamisi, mis taastavad keha ja vabastavad pingeid<br>\u2022 naiseliku ja meheliku energia tasakaalustamist<br>\u2022 rituaali (sisemine rituaal)<br>\u2022 juhendatud meditatsiooni v\u00f5i jooga nidrat<br>\u2022 energeetilist puhastust ja maandamist<br>\u2022 v\u00e4ikest s\u00fcdameringi v\u00f5i jagamise ruumi (vabatahtlik)<\/p>\n\n\n\n<p style=\"font-size:16px\">Fookuses on:<br>\u2022 sisemine rahu<br>\u2022 kehasse naasmine<br>\u2022 turvatunde kasvatamine<br>\u2022 enesetunde pehmenemine<br>\u2022 \u00fchendus oma s\u00fcdamega<br>\u2022 naiseliku (v\u00f5i meheliku) energia \u00e4rkamine \u00f5rnal, looduslikul moel<\/p>\n\n\n\n<p style=\"font-size:16px\">Iga \u00f5htu on eraldi tervik \u2013 v\u00f5id tulla nii \u00fchele kui mitmele.<\/p>\n\n\n\n<hr class=\"wp-block-separator has-alpha-channel-opacity\"\/>\n\n\n\n<h1 class=\"wp-block-heading\" style=\"font-size:18px\"><strong>Kellele tantra\u00f5htud sobivad?<\/strong><\/h1>\n\n\n\n<p style=\"font-size:16px\">\u2022 naisele v\u00f5i mehele, kes otsib tasakaalu, kergust ja sisemist j\u00f5udu<br>\u2022 inimesele, kelle suhe iseendaga vajab pehmenemist<br>\u2022 k\u00f5igile, kes soovivad m\u00f5ista tantristlikku energiamaailma turvalisel ja traditsioonilisel viisil<br>\u2022 neile, kes soovivad rahu, l\u00e4hedust, kohalolu ja toetatud olemist<br>Eeltingimusi ei ole.<\/p>\n\n\n\n<hr class=\"wp-block-separator has-alpha-channel-opacity\"\/>\n\n\n\n<figure class=\"wp-block-image size-large\"><img loading=\"lazy\" decoding=\"async\" width=\"1024\" height=\"572\" src=\"https:\/\/joogakool.eu\/wp-content\/uploads\/2025\/11\/8-tantra-1024x572.jpg\" alt=\"\" class=\"wp-image-1641\" srcset=\"https:\/\/joogakool.eu\/wp-content\/uploads\/2025\/11\/8-tantra-1024x572.jpg 1024w, https:\/\/joogakool.eu\/wp-content\/uploads\/2025\/11\/8-tantra-300x167.jpg 300w, https:\/\/joogakool.eu\/wp-content\/uploads\/2025\/11\/8-tantra-768x429.jpg 768w, https:\/\/joogakool.eu\/wp-content\/uploads\/2025\/11\/8-tantra.jpg 1376w\" sizes=\"auto, (max-width: 767px) 89vw, (max-width: 1000px) 54vw, (max-width: 1071px) 543px, 580px\" \/><\/figure>\n\n\n\n<h1 class=\"wp-block-heading\" style=\"font-size:18px\"><strong>Hind<\/strong><\/h1>\n\n\n\n<p style=\"font-size:16px\">\u2022 <strong>\u00dche \u00f5htu osalus:<\/strong> 35 \u20ac<br>\u2022 <strong>Kordusk\u00fclastajale:<\/strong> 30 \u20ac<br>\u2022 <strong>4-korra kaart:<\/strong> 110 \u20ac (kehtib 8 n\u00e4dalat)<br>\u2022 <strong>Privaatne mini-rituaal enne \u00f5htut (20 min):<\/strong> 25 \u20ac (valikuline)<\/p>\n\n\n\n<p><\/p>\n\n\n\n<hr class=\"wp-block-separator has-alpha-channel-opacity\"\/>\n\n\n\n<h1 class=\"wp-block-heading\" style=\"font-size:18px\"><strong>Registreerimine<\/strong><\/h1>\n\n\n\n<p style=\"font-size:16px\">Registreerumiseks kirjuta:<br><strong>\u201eSoovin osaleda tantra\u00f5htul\u201c + nimi + kuup\u00e4ev<\/strong><br>aadressile <strong><a>terviselate@gmail.com<\/a><\/strong><\/p>\n\n\n\n<p style=\"font-size:16px\">Sulle saadetakse kinnitus ja juhised.<br>Kohtade arv on piiratud, sest ruum on hoitud v\u00e4ikese ja intiimse grupina.<\/p>\n\n\n\n<hr class=\"wp-block-separator has-alpha-channel-opacity\"\/>\n\n\n\n<h1 class=\"wp-block-heading\" style=\"font-size:18px\"><strong>Toimumiskoht<\/strong><\/h1>\n\n\n\n<p>Viljandi (t\u00e4pne aadress registreerunutele).<br>V\u00f5imalik on ka online-osalus (juhendatud versioon).<\/p>\n\n\n\n<p><\/p>\n","protected":false},"excerpt":{"rendered":"<p>TANTRA\u00d5HTUD \u2013 pehme ruum \u00fchenduseks, energiaks ja sisemiseks tasakaaluks Kas igatsed hetke, kus saad maha tulla argip\u00e4eva saginast, rahustada meelt ja avada keha l\u00e4bi pehme energia liikumise?Tantra\u00f5htud on loodud just &hellip; <\/p>\n<p class=\"link-more\"><a href=\"https:\/\/joogakool.eu\/?page_id=1373\" class=\"more-link\">Continue reading<span class=\"screen-reader-text\"> &#8220;Tantra\u00f5htud&#8221;<\/span><\/a><\/p>\n","protected":false},"author":1,"featured_media":0,"parent":0,"menu_order":0,"comment_status":"closed","ping_status":"closed","template":"","meta":{"footnotes":""},"class_list":["post-1373","page","type-page","status-publish","hentry"],"_links":{"self":[{"href":"https:\/\/joogakool.eu\/index.php?rest_route=\/wp\/v2\/pages\/1373","targetHints":{"allow":["GET"]}}],"collection":[{"href":"https:\/\/joogakool.eu\/index.php?rest_route=\/wp\/v2\/pages"}],"about":[{"href":"https:\/\/joogakool.eu\/index.php?rest_route=\/wp\/v2\/types\/page"}],"author":[{"embeddable":true,"href":"https:\/\/joogakool.eu\/index.php?rest_route=\/wp\/v2\/users\/1"}],"replies":[{"embeddable":true,"href":"https:\/\/joogakool.eu\/index.php?rest_route=%2Fwp%2Fv2%2Fcomments&post=1373"}],"version-history":[{"count":5,"href":"https:\/\/joogakool.eu\/index.php?rest_route=\/wp\/v2\/pages\/1373\/revisions"}],"predecessor-version":[{"id":1797,"href":"https:\/\/joogakool.eu\/index.php?rest_route=\/wp\/v2\/pages\/1373\/revisions\/1797"}],"wp:attachment":[{"href":"https:\/\/joogakool.eu\/index.php?rest_route=%2Fwp%2Fv2%2Fmedia&parent=1373"}],"curies":[{"name":"wp","href":"https:\/\/api.w.org\/{rel}","templated":true}]}}