{"id":10,"date":"2019-08-05T07:20:33","date_gmt":"2019-08-05T07:20:33","guid":{"rendered":"http:\/\/joogakool.eu\/?page_id=10"},"modified":"2026-04-06T08:30:54","modified_gmt":"2026-04-06T08:30:54","slug":"kontakt","status":"publish","type":"page","link":"https:\/\/joogakool.eu\/?page_id=10","title":{"rendered":"Kontakt"},"content":{"rendered":"\n<p> Joogakool Lakshmi<\/p>\n\n\n\n<p>EHIS T\u00e4iskasvanuhariduse majandustegevusteade 207217<\/p>\n\n\n\n<p>Tervisel\u00e4te O\u00dc&nbsp; reg nr. 12098795<\/p>\n\n\n\n<p>Tegevusaadress:&nbsp; Lembitu, Tobraselja k\u00fcla, Viljandi vald, Viljandimaa 71068<\/p>\n\n\n\n<p>Juriidiline aadress:&nbsp; Lembitu, Tobraselja k\u00fcla, Viljandi vald,<\/p>\n\n\n\n<p>Viljandimaa 71068<\/p>\n\n\n\n<p>e-post:&nbsp; terviselate@gmail.com<\/p>\n\n\n\n<p>J\u00e4lgige meid ka <\/p>\n\n\n\n<p>Facebook`is: <a href=\"http:\/\/www.facebook.com\/Joogakool-Lakshmi-373568516406083\/\" target=\"_blank\" rel=\"noopener noreferrer\">&nbsp;Joogakool Lakshmi<\/a><\/p>\n\n\n\n<p>Youtubes: <a href=\"http:\/\/www.youtube.com\/@joogakoollakshmi8376\">www.youtube.com\/@joogakoollakshmi8376<\/a><br><br><br><\/p>\n\n\n\n<p>telefon: 56973764<\/p>\n\n\n\n<p>Juhataja Anne R\u00e4ndva<\/p>\n\n\n\n<p>V\u00f5ta \u00fchendust ja astu j\u00e4rgmine samm oma sisemise tasakaalu ja teadlikkuse teekonnal.<\/p>\n","protected":false},"excerpt":{"rendered":"<p>Joogakool Lakshmi EHIS T\u00e4iskasvanuhariduse majandustegevusteade 207217 Tervisel\u00e4te O\u00dc&nbsp; reg nr. 12098795 Tegevusaadress:&nbsp; Lembitu, Tobraselja k\u00fcla, Viljandi vald, Viljandimaa 71068 Juriidiline aadress:&nbsp; Lembitu, Tobraselja k\u00fcla, Viljandi vald, Viljandimaa 71068 e-post:&nbsp; terviselate@gmail.com &hellip; <\/p>\n<p class=\"link-more\"><a href=\"https:\/\/joogakool.eu\/?page_id=10\" class=\"more-link\">Continue reading<span class=\"screen-reader-text\"> &#8220;Kontakt&#8221;<\/span><\/a><\/p>\n","protected":false},"author":1,"featured_media":48,"parent":9,"menu_order":0,"comment_status":"closed","ping_status":"closed","template":"","meta":{"footnotes":""},"class_list":["post-10","page","type-page","status-publish","has-post-thumbnail","hentry"],"_links":{"self":[{"href":"https:\/\/joogakool.eu\/index.php?rest_route=\/wp\/v2\/pages\/10","targetHints":{"allow":["GET"]}}],"collection":[{"href":"https:\/\/joogakool.eu\/index.php?rest_route=\/wp\/v2\/pages"}],"about":[{"href":"https:\/\/joogakool.eu\/index.php?rest_route=\/wp\/v2\/types\/page"}],"author":[{"embeddable":true,"href":"https:\/\/joogakool.eu\/index.php?rest_route=\/wp\/v2\/users\/1"}],"replies":[{"embeddable":true,"href":"https:\/\/joogakool.eu\/index.php?rest_route=%2Fwp%2Fv2%2Fcomments&post=10"}],"version-history":[{"count":5,"href":"https:\/\/joogakool.eu\/index.php?rest_route=\/wp\/v2\/pages\/10\/revisions"}],"predecessor-version":[{"id":2006,"href":"https:\/\/joogakool.eu\/index.php?rest_route=\/wp\/v2\/pages\/10\/revisions\/2006"}],"up":[{"embeddable":true,"href":"https:\/\/joogakool.eu\/index.php?rest_route=\/wp\/v2\/pages\/9"}],"wp:featuredmedia":[{"embeddable":true,"href":"https:\/\/joogakool.eu\/index.php?rest_route=\/wp\/v2\/media\/48"}],"wp:attachment":[{"href":"https:\/\/joogakool.eu\/index.php?rest_route=%2Fwp%2Fv2%2Fmedia&parent=10"}],"curies":[{"name":"wp","href":"https:\/\/api.w.org\/{rel}","templated":true}]}}